{"id":2331,"date":"2022-10-17T12:52:05","date_gmt":"2022-10-17T12:52:05","guid":{"rendered":"https:\/\/celias.hr\/?page_id=2331"},"modified":"2024-04-15T08:27:49","modified_gmt":"2024-04-15T08:27:49","slug":"info","status":"publish","type":"page","link":"https:\/\/celias.hr\/en\/home\/info\/","title":{"rendered":"Business Info"},"content":{"rendered":"\t\t<div data-elementor-type=\"wp-post\" data-elementor-id=\"2331\" class=\"elementor elementor-2331\">\n\t\t\t\t\t\t<section class=\"elementor-section elementor-top-section elementor-element elementor-element-e6bc439 elementor-section-boxed elementor-section-height-default elementor-section-height-default\" data-id=\"e6bc439\" data-element_type=\"section\" data-e-type=\"section\" data-settings=\"{&quot;background_background&quot;:&quot;classic&quot;}\">\n\t\t\t\t\t\t\t<div class=\"elementor-background-overlay\"><\/div>\n\t\t\t\t\t\t\t<div class=\"elementor-container elementor-column-gap-default\">\n\t\t\t\t\t<div class=\"elementor-column elementor-col-100 elementor-top-column elementor-element elementor-element-fc1dfd7\" data-id=\"fc1dfd7\" data-element_type=\"column\" data-e-type=\"column\">\n\t\t\t<div class=\"elementor-widget-wrap elementor-element-populated\">\n\t\t\t\t\t\t<div class=\"elementor-element elementor-element-e0fdcf4 elementor-widget elementor-widget-heading\" data-id=\"e0fdcf4\" data-element_type=\"widget\" data-e-type=\"widget\" data-widget_type=\"heading.default\">\n\t\t\t\t<div class=\"elementor-widget-container\">\n\t\t\t\t\t<h1 class=\"elementor-heading-title elementor-size-default\">poslovne informacije<\/h1>\t\t\t\t<\/div>\n\t\t\t\t<\/div>\n\t\t\t\t\t<\/div>\n\t\t<\/div>\n\t\t\t\t\t<\/div>\n\t\t<\/section>\n\t\t\t\t<section class=\"elementor-section elementor-top-section elementor-element elementor-element-ff4fa41 elementor-section-boxed elementor-section-height-default elementor-section-height-default\" data-id=\"ff4fa41\" data-element_type=\"section\" data-e-type=\"section\">\n\t\t\t\t\t\t<div class=\"elementor-container elementor-column-gap-default\">\n\t\t\t\t\t<div class=\"elementor-column elementor-col-50 elementor-top-column elementor-element elementor-element-f2fbe61\" data-id=\"f2fbe61\" data-element_type=\"column\" data-e-type=\"column\">\n\t\t\t<div class=\"elementor-widget-wrap elementor-element-populated\">\n\t\t\t\t\t\t<div class=\"elementor-element elementor-element-1458720 elementor-widget elementor-widget-text-editor\" data-id=\"1458720\" data-element_type=\"widget\" data-e-type=\"widget\" data-widget_type=\"text-editor.default\">\n\t\t\t\t<div class=\"elementor-widget-container\">\n\t\t\t\t\t\t\t\t\t<p><strong>Celias d.o.o.<\/strong><br \/>Vinogradska 16<br \/>10 312 Klo\u0161tar Ivani\u0107<br \/>Hrvatska<\/p><p><strong>E: <\/strong><a href=\"mailto:office@celias.hr\" target=\"_blank\" rel=\"noopener\">office@celias.hr<\/a><\/p><p><strong>OIB:<\/strong> 26128404789\u00a0<\/p>\t\t\t\t\t\t\t\t<\/div>\n\t\t\t\t<\/div>\n\t\t\t\t\t<\/div>\n\t\t<\/div>\n\t\t\t\t<div class=\"elementor-column elementor-col-50 elementor-top-column elementor-element elementor-element-18d6906\" data-id=\"18d6906\" data-element_type=\"column\" data-e-type=\"column\">\n\t\t\t<div class=\"elementor-widget-wrap elementor-element-populated\">\n\t\t\t\t\t\t<div class=\"elementor-element elementor-element-280fe49 elementor-widget elementor-widget-image\" data-id=\"280fe49\" data-element_type=\"widget\" data-e-type=\"widget\" data-widget_type=\"image.default\">\n\t\t\t\t<div class=\"elementor-widget-container\">\n\t\t\t\t\t\t\t\t\t\t\t\t\t\t\t<img fetchpriority=\"high\" decoding=\"async\" width=\"870\" height=\"478\" src=\"https:\/\/celias.hr\/wp-content\/uploads\/2022\/09\/DSC_6156-1.jpg\" class=\"attachment-full size-full wp-image-2102\" alt=\"inkubator\" srcset=\"https:\/\/celias.hr\/wp-content\/uploads\/2022\/09\/DSC_6156-1.jpg 870w, https:\/\/celias.hr\/wp-content\/uploads\/2022\/09\/DSC_6156-1-300x165.jpg 300w, https:\/\/celias.hr\/wp-content\/uploads\/2022\/09\/DSC_6156-1-768x422.jpg 768w\" sizes=\"(max-width: 870px) 100vw, 870px\" \/>\t\t\t\t\t\t\t\t\t\t\t\t\t\t\t<\/div>\n\t\t\t\t<\/div>\n\t\t\t\t\t<\/div>\n\t\t<\/div>\n\t\t\t\t\t<\/div>\n\t\t<\/section>\n\t\t\t\t<section class=\"elementor-section elementor-top-section elementor-element elementor-element-f9e20cb elementor-section-boxed elementor-section-height-default elementor-section-height-default\" data-id=\"f9e20cb\" data-element_type=\"section\" data-e-type=\"section\">\n\t\t\t\t\t\t<div class=\"elementor-container elementor-column-gap-default\">\n\t\t\t\t\t<div class=\"elementor-column elementor-col-50 elementor-top-column elementor-element elementor-element-e138a27\" data-id=\"e138a27\" data-element_type=\"column\" data-e-type=\"column\">\n\t\t\t<div class=\"elementor-widget-wrap elementor-element-populated\">\n\t\t\t\t\t\t<div class=\"elementor-element elementor-element-10a11c1 elementor-widget elementor-widget-text-editor\" data-id=\"10a11c1\" data-element_type=\"widget\" data-e-type=\"widget\" data-widget_type=\"text-editor.default\">\n\t\t\t\t<div class=\"elementor-widget-container\">\n\t\t\t\t\t\t\t\t\t<p><strong>Transakcijski \u00a0ra\u010dun:<\/strong><\/p><p><strong>IKB d.d. IBAN: HR7923800061180003160 \/ SWIFT: ISKBHR2X<\/strong><\/p>\t\t\t\t\t\t\t\t<\/div>\n\t\t\t\t<\/div>\n\t\t\t\t\t<\/div>\n\t\t<\/div>\n\t\t\t\t<div class=\"elementor-column elementor-col-50 elementor-top-column elementor-element elementor-element-43daab6\" data-id=\"43daab6\" data-element_type=\"column\" data-e-type=\"column\">\n\t\t\t<div class=\"elementor-widget-wrap elementor-element-populated\">\n\t\t\t\t\t\t<div class=\"elementor-element elementor-element-0451eea elementor-widget elementor-widget-text-editor\" data-id=\"0451eea\" data-element_type=\"widget\" data-e-type=\"widget\" data-widget_type=\"text-editor.default\">\n\t\t\t\t<div class=\"elementor-widget-container\">\n\t\t\t\t\t\t\t\t\t<p><strong>Osobe ovla\u0161tene za zastupanje<\/strong><u><\/u><u><\/u><\/p><p>Deni Pauli\u0107<u><\/u><u><\/u><\/p><p><strong>T: +385 98 177 0998<\/strong><\/p><p><strong>E: <\/strong><a href=\"mailto:office@celias.hr\" target=\"_blank\" rel=\"noopener\">office@celias.hr<\/a><\/p><p>Temeljni kapital u iznosu od 20.000,00 kn upla\u0107en u cijelosti.\u00a0<\/p>\t\t\t\t\t\t\t\t<\/div>\n\t\t\t\t<\/div>\n\t\t\t\t\t<\/div>\n\t\t<\/div>\n\t\t\t\t\t<\/div>\n\t\t<\/section>\n\t\t\t\t<section class=\"elementor-section elementor-top-section elementor-element elementor-element-e87e68a elementor-section-boxed elementor-section-height-default elementor-section-height-default\" data-id=\"e87e68a\" data-element_type=\"section\" data-e-type=\"section\">\n\t\t\t\t\t\t<div class=\"elementor-container elementor-column-gap-default\">\n\t\t\t\t\t<div class=\"elementor-column elementor-col-25 elementor-top-column elementor-element elementor-element-9a2c399\" data-id=\"9a2c399\" data-element_type=\"column\" data-e-type=\"column\">\n\t\t\t<div class=\"elementor-widget-wrap elementor-element-populated\">\n\t\t\t\t\t\t<div class=\"elementor-element elementor-element-006142e elementor-widget elementor-widget-text-editor\" data-id=\"006142e\" data-element_type=\"widget\" data-e-type=\"widget\" data-widget_type=\"text-editor.default\">\n\t\t\t\t<div class=\"elementor-widget-container\">\n\t\t\t\t\t\t\t\t\t<p><em><b>Voditelj operativnog poslovanja i nabave:<\/b><\/em><u><\/u><u><\/u><\/p><p>David Pauli\u0107<br \/><strong>T:<\/strong> +385 98 1882 718<br \/><strong>E:<\/strong>\u00a0<a href=\"mailto:david@celias.hr\" target=\"_blank\" rel=\"noopener\">david@celias.hr<\/a>\u00a0<\/p>\t\t\t\t\t\t\t\t<\/div>\n\t\t\t\t<\/div>\n\t\t\t\t\t<\/div>\n\t\t<\/div>\n\t\t\t\t<div class=\"elementor-column elementor-col-25 elementor-top-column elementor-element elementor-element-5fe8dd8\" data-id=\"5fe8dd8\" data-element_type=\"column\" data-e-type=\"column\">\n\t\t\t<div class=\"elementor-widget-wrap elementor-element-populated\">\n\t\t\t\t\t\t<div class=\"elementor-element elementor-element-db09850 elementor-widget elementor-widget-text-editor\" data-id=\"db09850\" data-element_type=\"widget\" data-e-type=\"widget\" data-widget_type=\"text-editor.default\">\n\t\t\t\t<div class=\"elementor-widget-container\">\n\t\t\t\t\t\t\t\t\t<p><strong><i>Voditelj op\u0107ih, pravnih i kadrovskih poslova<u><\/u><u><\/u><\/i><\/strong><\/p><p>Marija Dabac, dipl.oec.<br \/><strong>T:<\/strong>\u00a0+385 91 5736 347<br \/><strong>E:<\/strong>\u00a0<a href=\"mailto:marija@celias.hr\" target=\"_blank\" rel=\"noopener\">marija@celias.hr<\/a>\u00a0<\/p>\t\t\t\t\t\t\t\t<\/div>\n\t\t\t\t<\/div>\n\t\t\t\t\t<\/div>\n\t\t<\/div>\n\t\t\t\t<div class=\"elementor-column elementor-col-25 elementor-top-column elementor-element elementor-element-1286699\" data-id=\"1286699\" data-element_type=\"column\" data-e-type=\"column\">\n\t\t\t<div class=\"elementor-widget-wrap elementor-element-populated\">\n\t\t\t\t\t\t<div class=\"elementor-element elementor-element-e58f03e elementor-widget elementor-widget-text-editor\" data-id=\"e58f03e\" data-element_type=\"widget\" data-e-type=\"widget\" data-widget_type=\"text-editor.default\">\n\t\t\t\t<div class=\"elementor-widget-container\">\n\t\t\t\t\t\t\t\t\t<p><strong><i>Voditelj ra\u010dunovodstva i financija<u><\/u><u><\/u><\/i><\/strong><\/p><p>Natalija \u0160iprak, bacc.oec.<br \/><strong>T:<\/strong>\u00a0+385 91 9757 032<br \/><strong>E:<\/strong>\u00a0<a href=\"mailto:natalija@celias.hr\" target=\"_blank\" rel=\"noopener\">natalija@celias.hr<\/a>\u00a0<\/p>\t\t\t\t\t\t\t\t<\/div>\n\t\t\t\t<\/div>\n\t\t\t\t\t<\/div>\n\t\t<\/div>\n\t\t\t\t<div class=\"elementor-column elementor-col-25 elementor-top-column elementor-element elementor-element-d99b3fa\" data-id=\"d99b3fa\" data-element_type=\"column\" data-e-type=\"column\">\n\t\t\t<div class=\"elementor-widget-wrap elementor-element-populated\">\n\t\t\t\t\t\t<div class=\"elementor-element elementor-element-9e99d21 elementor-widget elementor-widget-text-editor\" data-id=\"9e99d21\" data-element_type=\"widget\" data-e-type=\"widget\" data-widget_type=\"text-editor.default\">\n\t\t\t\t<div class=\"elementor-widget-container\">\n\t\t\t\t\t\t\t\t\t<p><strong>In\u017eenjer in\u017eenjerstva okoli\u0161a<\/strong><\/p><p>Jurica \u0160afran, univ. bacc. ing. amb.<br \/><strong>T:<\/strong> +385 97 7232 781<br \/><strong>E:<\/strong> <a href=\"mailto:jura@celias.hr\" target=\"_blank\" rel=\"noopener\">jura@celias.hr<\/a>\u00a0<\/p>\t\t\t\t\t\t\t\t<\/div>\n\t\t\t\t<\/div>\n\t\t\t\t\t<\/div>\n\t\t<\/div>\n\t\t\t\t\t<\/div>\n\t\t<\/section>\n\t\t\t\t<section class=\"elementor-section elementor-top-section elementor-element elementor-element-1d9c4382 elementor-section-boxed elementor-section-height-default elementor-section-height-default\" data-id=\"1d9c4382\" data-element_type=\"section\" data-e-type=\"section\" data-settings=\"{&quot;background_background&quot;:&quot;classic&quot;}\">\n\t\t\t\t\t\t\t<div class=\"elementor-background-overlay\"><\/div>\n\t\t\t\t\t\t\t<div class=\"elementor-container elementor-column-gap-no\">\n\t\t\t\t\t<div class=\"elementor-column elementor-col-100 elementor-top-column elementor-element elementor-element-1b7778b5\" data-id=\"1b7778b5\" data-element_type=\"column\" data-e-type=\"column\">\n\t\t\t<div class=\"elementor-widget-wrap elementor-element-populated\">\n\t\t\t\t\t\t<div class=\"elementor-element elementor-element-5ff09916 elementor-widget-divider--view-line elementor-widget elementor-widget-divider\" data-id=\"5ff09916\" data-element_type=\"widget\" data-e-type=\"widget\" data-widget_type=\"divider.default\">\n\t\t\t\t<div class=\"elementor-widget-container\">\n\t\t\t\t\t\t\t<div class=\"elementor-divider\">\n\t\t\t<span class=\"elementor-divider-separator\">\n\t\t\t\t\t\t<\/span>\n\t\t<\/div>\n\t\t\t\t\t\t<\/div>\n\t\t\t\t<\/div>\n\t\t\t\t<div class=\"elementor-element elementor-element-2c2c426b elementor-widget elementor-widget-heading\" data-id=\"2c2c426b\" data-element_type=\"widget\" data-e-type=\"widget\" data-widget_type=\"heading.default\">\n\t\t\t\t<div class=\"elementor-widget-container\">\n\t\t\t\t\t<span class=\"elementor-heading-title elementor-size-large\">Konzultirajte se s nama<\/span>\t\t\t\t<\/div>\n\t\t\t\t<\/div>\n\t\t\t\t<div class=\"elementor-element elementor-element-3d367f40 elementor-widget elementor-widget-text-editor\" data-id=\"3d367f40\" data-element_type=\"widget\" data-e-type=\"widget\" data-widget_type=\"text-editor.default\">\n\t\t\t\t<div class=\"elementor-widget-container\">\n\t\t\t\t\t\t\t\t\t<p>Za vi\u0161e informacija<\/p>\t\t\t\t\t\t\t\t<\/div>\n\t\t\t\t<\/div>\n\t\t\t\t<div class=\"elementor-element elementor-element-64fa29c elementor-widget elementor-widget-wp-widget-wpforms-widget\" data-id=\"64fa29c\" data-element_type=\"widget\" data-e-type=\"widget\" data-widget_type=\"wp-widget-wpforms-widget.default\">\n\t\t\t\t<div class=\"elementor-widget-container\">\n\t\t\t\t\t<div class=\"wpforms-container \" id=\"wpforms-1954\"><form id=\"wpforms-form-1954\" class=\"wpforms-validate wpforms-form\" data-formid=\"1954\" method=\"post\" enctype=\"multipart\/form-data\" action=\"\/en\/wp-json\/wp\/v2\/pages\/2331\" data-token=\"db907c54626b2ddcc164267501ad5e88\" data-token-time=\"1776426175\"><noscript class=\"wpforms-error-noscript\">Please enable JavaScript in your browser to complete this form.<\/noscript><div class=\"wpforms-field-container\"><div id=\"wpforms-1954-field_0-container\" class=\"wpforms-field wpforms-field-name\" data-field-id=\"0\"><input type=\"text\" id=\"wpforms-1954-field_0\" class=\"wpforms-field-medium wpforms-field-required\" name=\"wpforms[fields][0]\" placeholder=\"Ime\" required><\/div><div id=\"wpforms-1954-field_1-container\" class=\"wpforms-field wpforms-field-email\" data-field-id=\"1\"><input type=\"email\" id=\"wpforms-1954-field_1\" class=\"wpforms-field-medium wpforms-field-required\" name=\"wpforms[fields][1]\" placeholder=\"email@email.com\" spellcheck=\"false\" required><\/div><div id=\"wpforms-1954-field_2-container\" class=\"wpforms-field wpforms-field-textarea\" data-field-id=\"2\"><textarea id=\"wpforms-1954-field_2\" class=\"wpforms-field-medium wpforms-field-required\" name=\"wpforms[fields][2]\" placeholder=\"Va\u0161a poruka..\" required><\/textarea><\/div><\/div><!-- .wpforms-field-container --><div class=\"wpforms-recaptcha-container wpforms-is-hcaptcha\" ><div class=\"h-captcha\" data-sitekey=\"bbb6a4ee-6038-4a62-9072-bd73a8d39f74\"><\/div><input type=\"text\" name=\"g-recaptcha-hidden\" class=\"wpforms-recaptcha-hidden\" style=\"position:absolute!important;clip:rect(0,0,0,0)!important;height:1px!important;width:1px!important;border:0!important;overflow:hidden!important;padding:0!important;margin:0!important;\" data-rule-hcaptcha=\"1\"><\/div><div class=\"wpforms-submit-container\" ><input type=\"hidden\" name=\"wpforms[id]\" value=\"1954\"><input type=\"hidden\" name=\"page_title\" value=\"\"><input type=\"hidden\" name=\"page_url\" value=\"https:\/\/celias.hr\/en\/wp-json\/wp\/v2\/pages\/2331\"><input type=\"hidden\" name=\"url_referer\" value=\"\"><button type=\"submit\" name=\"wpforms[submit]\" id=\"wpforms-submit-1954\" class=\"wpforms-submit\" data-alt-text=\"\u0160alje se...\" data-submit-text=\"Po\u0161alji\" aria-live=\"assertive\" value=\"wpforms-submit\">Po\u0161alji<\/button><\/div><\/form><\/div>  <!-- .wpforms-container -->\t\t\t\t<\/div>\n\t\t\t\t<\/div>\n\t\t\t\t\t<\/div>\n\t\t<\/div>\n\t\t\t\t\t<\/div>\n\t\t<\/section>\n\t\t\t\t<\/div>\n\t\t","protected":false},"excerpt":{"rendered":"<p>poslovne informacije Celias d.o.o.Vinogradska 1610 312 Klo\u0161tar Ivani\u0107Hrvatska E: office@celias.hr OIB: 26128404789\u00a0 Transakcijski \u00a0ra\u010dun: IKB d.d. IBAN: HR7923800061180003160 \/ SWIFT: ISKBHR2X Osobe ovla\u0161tene za zastupanje Deni Pauli\u0107 T: +385 98 177 0998 E: office@celias.hr Temeljni kapital u iznosu od 20.000,00 kn upla\u0107en u cijelosti.\u00a0 Voditelj operativnog poslovanja i nabave: David Pauli\u0107T: +385 98 1882 718E:\u00a0david@celias.hr\u00a0 [&hellip;]<\/p>\n","protected":false},"author":1,"featured_media":0,"parent":1895,"menu_order":0,"comment_status":"closed","ping_status":"closed","template":"","meta":{"_monsterinsights_skip_tracking":false,"_monsterinsights_sitenote_active":false,"_monsterinsights_sitenote_note":"","_monsterinsights_sitenote_category":0,"site-sidebar-layout":"no-sidebar","site-content-layout":"page-builder","ast-site-content-layout":"","site-content-style":"default","site-sidebar-style":"default","ast-global-header-display":"","ast-banner-title-visibility":"","ast-main-header-display":"","ast-hfb-above-header-display":"","ast-hfb-below-header-display":"","ast-hfb-mobile-header-display":"disabled","site-post-title":"disabled","ast-breadcrumbs-content":"","ast-featured-img":"disabled","footer-sml-layout":"","theme-transparent-header-meta":"enabled","adv-header-id-meta":"","stick-header-meta":"","header-above-stick-meta":"","header-main-stick-meta":"","header-below-stick-meta":"","astra-migrate-meta-layouts":"default","ast-page-background-enabled":"default","ast-page-background-meta":{"desktop":{"background-color":"var(--ast-global-color-4)","background-image":"","background-repeat":"repeat","background-position":"center center","background-size":"auto","background-attachment":"scroll","background-type":"","background-media":"","overlay-type":"","overlay-color":"","overlay-gradient":""},"tablet":{"background-color":"","background-image":"","background-repeat":"repeat","background-position":"center center","background-size":"auto","background-attachment":"scroll","background-type":"","background-media":"","overlay-type":"","overlay-color":"","overlay-gradient":""},"mobile":{"background-color":"","background-image":"","background-repeat":"repeat","background-position":"center center","background-size":"auto","background-attachment":"scroll","background-type":"","background-media":"","overlay-type":"","overlay-color":"","overlay-gradient":""}},"ast-content-background-meta":{"desktop":{"background-color":"var(--ast-global-color-5)","background-image":"","background-repeat":"repeat","background-position":"center center","background-size":"auto","background-attachment":"scroll","background-type":"","background-media":"","overlay-type":"","overlay-color":"","overlay-gradient":""},"tablet":{"background-color":"var(--ast-global-color-5)","background-image":"","background-repeat":"repeat","background-position":"center center","background-size":"auto","background-attachment":"scroll","background-type":"","background-media":"","overlay-type":"","overlay-color":"","overlay-gradient":""},"mobile":{"background-color":"var(--ast-global-color-5)","background-image":"","background-repeat":"repeat","background-position":"center center","background-size":"auto","background-attachment":"scroll","background-type":"","background-media":"","overlay-type":"","overlay-color":"","overlay-gradient":""}},"footnotes":""},"class_list":["post-2331","page","type-page","status-publish","hentry"],"yoast_head":"<!-- This site is optimized with the Yoast SEO plugin v27.4 - https:\/\/yoast.com\/product\/yoast-seo-wordpress\/ -->\n<title>Celias - Proizvodnja i transport sje\u010dke<\/title>\n<meta name=\"description\" content=\"Celias d.o.o. - transport i proizvodnja drvene sje\u010dke te drvene biomase. Usluge kr\u010denja \u0161uma i otkup drvene mase.\" \/>\n<meta name=\"robots\" content=\"index, follow, max-snippet:-1, max-image-preview:large, max-video-preview:-1\" \/>\n<link rel=\"canonical\" href=\"https:\/\/celias.hr\/en\/home\/info\/\" \/>\n<meta property=\"og:locale\" content=\"en_GB\" \/>\n<meta property=\"og:type\" content=\"article\" \/>\n<meta property=\"og:title\" content=\"Celias - Proizvodnja i transport sje\u010dke\" \/>\n<meta property=\"og:description\" content=\"Celias d.o.o. - transport i proizvodnja drvene sje\u010dke te drvene biomase. Usluge kr\u010denja \u0161uma i otkup drvene mase.\" \/>\n<meta property=\"og:url\" content=\"https:\/\/celias.hr\/en\/home\/info\/\" \/>\n<meta property=\"og:site_name\" content=\"Celias\" \/>\n<meta property=\"article:modified_time\" content=\"2024-04-15T08:27:49+00:00\" \/>\n<meta property=\"og:image\" content=\"https:\/\/celias.hr\/wp-content\/uploads\/2022\/09\/DSC_6156-1.jpg\" \/>\n<meta name=\"twitter:card\" content=\"summary_large_image\" \/>\n<meta name=\"twitter:label1\" content=\"Estimated reading time\" \/>\n\t<meta name=\"twitter:data1\" content=\"1 minute\" \/>\n<script type=\"application\/ld+json\" class=\"yoast-schema-graph\">{\"@context\":\"https:\\\/\\\/schema.org\",\"@graph\":[{\"@type\":\"WebPage\",\"@id\":\"https:\\\/\\\/celias.hr\\\/home\\\/info\\\/\",\"url\":\"https:\\\/\\\/celias.hr\\\/home\\\/info\\\/\",\"name\":\"Celias - Proizvodnja i transport sje\u010dke\",\"isPartOf\":{\"@id\":\"https:\\\/\\\/celias.hr\\\/#website\"},\"primaryImageOfPage\":{\"@id\":\"https:\\\/\\\/celias.hr\\\/home\\\/info\\\/#primaryimage\"},\"image\":{\"@id\":\"https:\\\/\\\/celias.hr\\\/home\\\/info\\\/#primaryimage\"},\"thumbnailUrl\":\"https:\\\/\\\/celias.hr\\\/wp-content\\\/uploads\\\/2022\\\/09\\\/DSC_6156-1.jpg\",\"datePublished\":\"2022-10-17T12:52:05+00:00\",\"dateModified\":\"2024-04-15T08:27:49+00:00\",\"description\":\"Celias d.o.o. - transport i proizvodnja drvene sje\u010dke te drvene biomase. Usluge kr\u010denja \u0161uma i otkup drvene mase.\",\"breadcrumb\":{\"@id\":\"https:\\\/\\\/celias.hr\\\/home\\\/info\\\/#breadcrumb\"},\"inLanguage\":\"en-GB\",\"potentialAction\":[{\"@type\":\"ReadAction\",\"target\":[\"https:\\\/\\\/celias.hr\\\/home\\\/info\\\/\"]}]},{\"@type\":\"ImageObject\",\"inLanguage\":\"en-GB\",\"@id\":\"https:\\\/\\\/celias.hr\\\/home\\\/info\\\/#primaryimage\",\"url\":\"https:\\\/\\\/celias.hr\\\/wp-content\\\/uploads\\\/2022\\\/09\\\/DSC_6156-1.jpg\",\"contentUrl\":\"https:\\\/\\\/celias.hr\\\/wp-content\\\/uploads\\\/2022\\\/09\\\/DSC_6156-1.jpg\"},{\"@type\":\"BreadcrumbList\",\"@id\":\"https:\\\/\\\/celias.hr\\\/home\\\/info\\\/#breadcrumb\",\"itemListElement\":[{\"@type\":\"ListItem\",\"position\":1,\"name\":\"Home\",\"item\":\"https:\\\/\\\/celias.hr\\\/\"},{\"@type\":\"ListItem\",\"position\":2,\"name\":\"Po\u010detna\",\"item\":\"https:\\\/\\\/celias.hr\\\/\"},{\"@type\":\"ListItem\",\"position\":3,\"name\":\"Poslovne informacije\"}]},{\"@type\":\"WebSite\",\"@id\":\"https:\\\/\\\/celias.hr\\\/#website\",\"url\":\"https:\\\/\\\/celias.hr\\\/\",\"name\":\"Celias\",\"description\":\"Proizvodnja i transport sje\u010dke\",\"publisher\":{\"@id\":\"https:\\\/\\\/celias.hr\\\/#organization\"},\"potentialAction\":[{\"@type\":\"SearchAction\",\"target\":{\"@type\":\"EntryPoint\",\"urlTemplate\":\"https:\\\/\\\/celias.hr\\\/?s={search_term_string}\"},\"query-input\":{\"@type\":\"PropertyValueSpecification\",\"valueRequired\":true,\"valueName\":\"search_term_string\"}}],\"inLanguage\":\"en-GB\"},{\"@type\":\"Organization\",\"@id\":\"https:\\\/\\\/celias.hr\\\/#organization\",\"name\":\"Celias\",\"url\":\"https:\\\/\\\/celias.hr\\\/\",\"logo\":{\"@type\":\"ImageObject\",\"inLanguage\":\"en-GB\",\"@id\":\"https:\\\/\\\/celias.hr\\\/#\\\/schema\\\/logo\\\/image\\\/\",\"url\":\"https:\\\/\\\/celias.hr\\\/wp-content\\\/uploads\\\/2022\\\/08\\\/celiasLogo.jpg\",\"contentUrl\":\"https:\\\/\\\/celias.hr\\\/wp-content\\\/uploads\\\/2022\\\/08\\\/celiasLogo.jpg\",\"width\":500,\"height\":200,\"caption\":\"Celias\"},\"image\":{\"@id\":\"https:\\\/\\\/celias.hr\\\/#\\\/schema\\\/logo\\\/image\\\/\"}}]}<\/script>\n<!-- \/ Yoast SEO plugin. -->","yoast_head_json":{"title":"Celias - Proizvodnja i transport sje\u010dke","description":"Celias d.o.o. - transport i proizvodnja drvene sje\u010dke te drvene biomase. Usluge kr\u010denja \u0161uma i otkup drvene mase.","robots":{"index":"index","follow":"follow","max-snippet":"max-snippet:-1","max-image-preview":"max-image-preview:large","max-video-preview":"max-video-preview:-1"},"canonical":"https:\/\/celias.hr\/en\/home\/info\/","og_locale":"en_GB","og_type":"article","og_title":"Celias - Proizvodnja i transport sje\u010dke","og_description":"Celias d.o.o. - transport i proizvodnja drvene sje\u010dke te drvene biomase. Usluge kr\u010denja \u0161uma i otkup drvene mase.","og_url":"https:\/\/celias.hr\/en\/home\/info\/","og_site_name":"Celias","article_modified_time":"2024-04-15T08:27:49+00:00","og_image":[{"url":"https:\/\/celias.hr\/wp-content\/uploads\/2022\/09\/DSC_6156-1.jpg","type":"","width":"","height":""}],"twitter_card":"summary_large_image","twitter_misc":{"Estimated reading time":"1 minute"},"schema":{"@context":"https:\/\/schema.org","@graph":[{"@type":"WebPage","@id":"https:\/\/celias.hr\/home\/info\/","url":"https:\/\/celias.hr\/home\/info\/","name":"Celias - Proizvodnja i transport sje\u010dke","isPartOf":{"@id":"https:\/\/celias.hr\/#website"},"primaryImageOfPage":{"@id":"https:\/\/celias.hr\/home\/info\/#primaryimage"},"image":{"@id":"https:\/\/celias.hr\/home\/info\/#primaryimage"},"thumbnailUrl":"https:\/\/celias.hr\/wp-content\/uploads\/2022\/09\/DSC_6156-1.jpg","datePublished":"2022-10-17T12:52:05+00:00","dateModified":"2024-04-15T08:27:49+00:00","description":"Celias d.o.o. - transport i proizvodnja drvene sje\u010dke te drvene biomase. Usluge kr\u010denja \u0161uma i otkup drvene mase.","breadcrumb":{"@id":"https:\/\/celias.hr\/home\/info\/#breadcrumb"},"inLanguage":"en-GB","potentialAction":[{"@type":"ReadAction","target":["https:\/\/celias.hr\/home\/info\/"]}]},{"@type":"ImageObject","inLanguage":"en-GB","@id":"https:\/\/celias.hr\/home\/info\/#primaryimage","url":"https:\/\/celias.hr\/wp-content\/uploads\/2022\/09\/DSC_6156-1.jpg","contentUrl":"https:\/\/celias.hr\/wp-content\/uploads\/2022\/09\/DSC_6156-1.jpg"},{"@type":"BreadcrumbList","@id":"https:\/\/celias.hr\/home\/info\/#breadcrumb","itemListElement":[{"@type":"ListItem","position":1,"name":"Home","item":"https:\/\/celias.hr\/"},{"@type":"ListItem","position":2,"name":"Po\u010detna","item":"https:\/\/celias.hr\/"},{"@type":"ListItem","position":3,"name":"Poslovne informacije"}]},{"@type":"WebSite","@id":"https:\/\/celias.hr\/#website","url":"https:\/\/celias.hr\/","name":"Celias","description":"Proizvodnja i transport sje\u010dke","publisher":{"@id":"https:\/\/celias.hr\/#organization"},"potentialAction":[{"@type":"SearchAction","target":{"@type":"EntryPoint","urlTemplate":"https:\/\/celias.hr\/?s={search_term_string}"},"query-input":{"@type":"PropertyValueSpecification","valueRequired":true,"valueName":"search_term_string"}}],"inLanguage":"en-GB"},{"@type":"Organization","@id":"https:\/\/celias.hr\/#organization","name":"Celias","url":"https:\/\/celias.hr\/","logo":{"@type":"ImageObject","inLanguage":"en-GB","@id":"https:\/\/celias.hr\/#\/schema\/logo\/image\/","url":"https:\/\/celias.hr\/wp-content\/uploads\/2022\/08\/celiasLogo.jpg","contentUrl":"https:\/\/celias.hr\/wp-content\/uploads\/2022\/08\/celiasLogo.jpg","width":500,"height":200,"caption":"Celias"},"image":{"@id":"https:\/\/celias.hr\/#\/schema\/logo\/image\/"}}]}},"_links":{"self":[{"href":"https:\/\/celias.hr\/en\/wp-json\/wp\/v2\/pages\/2331","targetHints":{"allow":["GET"]}}],"collection":[{"href":"https:\/\/celias.hr\/en\/wp-json\/wp\/v2\/pages"}],"about":[{"href":"https:\/\/celias.hr\/en\/wp-json\/wp\/v2\/types\/page"}],"author":[{"embeddable":true,"href":"https:\/\/celias.hr\/en\/wp-json\/wp\/v2\/users\/1"}],"replies":[{"embeddable":true,"href":"https:\/\/celias.hr\/en\/wp-json\/wp\/v2\/comments?post=2331"}],"version-history":[{"count":27,"href":"https:\/\/celias.hr\/en\/wp-json\/wp\/v2\/pages\/2331\/revisions"}],"predecessor-version":[{"id":2704,"href":"https:\/\/celias.hr\/en\/wp-json\/wp\/v2\/pages\/2331\/revisions\/2704"}],"up":[{"embeddable":true,"href":"https:\/\/celias.hr\/en\/wp-json\/wp\/v2\/pages\/1895"}],"wp:attachment":[{"href":"https:\/\/celias.hr\/en\/wp-json\/wp\/v2\/media?parent=2331"}],"curies":[{"name":"wp","href":"https:\/\/api.w.org\/{rel}","templated":true}]}}