{"id":2260,"date":"2022-10-12T11:51:05","date_gmt":"2022-10-12T11:51:05","guid":{"rendered":"https:\/\/celias.hr\/?page_id=2260"},"modified":"2022-12-04T16:06:37","modified_gmt":"2022-12-04T16:06:37","slug":"distribucija-peleta","status":"publish","type":"page","link":"https:\/\/celias.hr\/en\/home\/distribucija-peleta\/","title":{"rendered":"Pallet Distribution"},"content":{"rendered":"\t\t<div data-elementor-type=\"wp-post\" data-elementor-id=\"2260\" class=\"elementor elementor-2260\">\n\t\t\t\t\t\t<section class=\"elementor-section elementor-top-section elementor-element elementor-element-7c257d3e elementor-section-boxed elementor-section-height-default elementor-section-height-default\" data-id=\"7c257d3e\" data-element_type=\"section\" data-e-type=\"section\" data-settings=\"{&quot;background_background&quot;:&quot;classic&quot;}\">\n\t\t\t\t\t\t\t<div class=\"elementor-background-overlay\"><\/div>\n\t\t\t\t\t\t\t<div class=\"elementor-container elementor-column-gap-default\">\n\t\t\t\t\t<div class=\"elementor-column elementor-col-100 elementor-top-column elementor-element elementor-element-2480a569\" data-id=\"2480a569\" data-element_type=\"column\" data-e-type=\"column\">\n\t\t\t<div class=\"elementor-widget-wrap elementor-element-populated\">\n\t\t\t\t\t\t<div class=\"elementor-element elementor-element-ba58aa3 elementor-widget elementor-widget-heading\" data-id=\"ba58aa3\" data-element_type=\"widget\" data-e-type=\"widget\" data-widget_type=\"heading.default\">\n\t\t\t\t<div class=\"elementor-widget-container\">\n\t\t\t\t\t<h1 class=\"elementor-heading-title elementor-size-default\">distribucija peleta<\/h1>\t\t\t\t<\/div>\n\t\t\t\t<\/div>\n\t\t\t\t\t<\/div>\n\t\t<\/div>\n\t\t\t\t\t<\/div>\n\t\t<\/section>\n\t\t\t\t<section class=\"elementor-section elementor-top-section elementor-element elementor-element-6ec45657 elementor-section-content-middle elementor-section-boxed elementor-section-height-default elementor-section-height-default\" data-id=\"6ec45657\" data-element_type=\"section\" data-e-type=\"section\" data-settings=\"{&quot;background_background&quot;:&quot;gradient&quot;}\">\n\t\t\t\t\t\t<div class=\"elementor-container elementor-column-gap-no\">\n\t\t\t\t\t<div class=\"elementor-column elementor-col-50 elementor-top-column elementor-element elementor-element-67166e8f\" data-id=\"67166e8f\" data-element_type=\"column\" data-e-type=\"column\">\n\t\t\t<div class=\"elementor-widget-wrap elementor-element-populated\">\n\t\t\t\t\t\t<div class=\"elementor-element elementor-element-07d6378 elementor-widget elementor-widget-heading\" data-id=\"07d6378\" data-element_type=\"widget\" data-e-type=\"widget\" data-widget_type=\"heading.default\">\n\t\t\t\t<div class=\"elementor-widget-container\">\n\t\t\t\t\t<h2 class=\"elementor-heading-title elementor-size-default\">Distribucija<\/h2>\t\t\t\t<\/div>\n\t\t\t\t<\/div>\n\t\t\t\t<div class=\"elementor-element elementor-element-7f70fa3f elementor-widget-divider--view-line elementor-widget elementor-widget-divider\" data-id=\"7f70fa3f\" data-element_type=\"widget\" data-e-type=\"widget\" data-widget_type=\"divider.default\">\n\t\t\t\t<div class=\"elementor-widget-container\">\n\t\t\t\t\t\t\t<div class=\"elementor-divider\">\n\t\t\t<span class=\"elementor-divider-separator\">\n\t\t\t\t\t\t<\/span>\n\t\t<\/div>\n\t\t\t\t\t\t<\/div>\n\t\t\t\t<\/div>\n\t\t\t\t<div class=\"elementor-element elementor-element-6fe8110d elementor-widget elementor-widget-text-editor\" data-id=\"6fe8110d\" data-element_type=\"widget\" data-e-type=\"widget\" data-widget_type=\"text-editor.default\">\n\t\t\t\t<div class=\"elementor-widget-container\">\n\t\t\t\t\t\t\t\t\t<p class=\"m_-6672011528093935583MsoListParagraph\">S obzirom na stalnu suradnju i partnerstva sa najve\u0107im hrvatskim tvornicama peleta kao njihov dobavlja\u010d sirovine, u mogu\u0107nosti smo ponuditi i drveni pelet.<u><\/u><u><\/u><\/p><p class=\"m_-6672011528093935583MsoListParagraph\">Navedeni drveni pelet je proizveden od drveta bukve, graba i crnogorice te posjeduje <strong>A1 certifikat kvalitete<\/strong>.<u><\/u><u><\/u><\/p><p class=\"m_-6672011528093935583MsoListParagraph\">Godi\u0161nje plasiramo na hrvatsko i slovensko tr\u017ei\u0161te oko <strong>1.500 tona peleta<\/strong>.<\/p>\t\t\t\t\t\t\t\t<\/div>\n\t\t\t\t<\/div>\n\t\t\t\t\t<\/div>\n\t\t<\/div>\n\t\t\t\t<div class=\"elementor-column elementor-col-50 elementor-top-column elementor-element elementor-element-e96c022\" data-id=\"e96c022\" data-element_type=\"column\" data-e-type=\"column\">\n\t\t\t<div class=\"elementor-widget-wrap elementor-element-populated\">\n\t\t\t\t\t\t<div class=\"elementor-element elementor-element-564b7b16 elementor-widget elementor-widget-image\" data-id=\"564b7b16\" data-element_type=\"widget\" data-e-type=\"widget\" data-widget_type=\"image.default\">\n\t\t\t\t<div class=\"elementor-widget-container\">\n\t\t\t\t\t\t\t\t\t\t\t\t\t\t\t<img decoding=\"async\" src=\"https:\/\/celias.hr\/wp-content\/uploads\/elementor\/thumbs\/Drveni-pelet-A1-q3lltgucmdivb4tiydlq8k6kwd0wuq2h0sy3n88tnk.jpg\" title=\"Drveni pelet &#8211; A1\" alt=\"drveni pelet\" loading=\"lazy\" \/>\t\t\t\t\t\t\t\t\t\t\t\t\t\t\t<\/div>\n\t\t\t\t<\/div>\n\t\t\t\t\t<\/div>\n\t\t<\/div>\n\t\t\t\t\t<\/div>\n\t\t<\/section>\n\t\t\t\t<section class=\"elementor-section elementor-top-section elementor-element elementor-element-1d9c4382 elementor-section-boxed elementor-section-height-default elementor-section-height-default\" data-id=\"1d9c4382\" data-element_type=\"section\" data-e-type=\"section\" data-settings=\"{&quot;background_background&quot;:&quot;classic&quot;}\">\n\t\t\t\t\t\t\t<div class=\"elementor-background-overlay\"><\/div>\n\t\t\t\t\t\t\t<div class=\"elementor-container elementor-column-gap-no\">\n\t\t\t\t\t<div class=\"elementor-column elementor-col-100 elementor-top-column elementor-element elementor-element-1b7778b5\" data-id=\"1b7778b5\" data-element_type=\"column\" data-e-type=\"column\">\n\t\t\t<div class=\"elementor-widget-wrap elementor-element-populated\">\n\t\t\t\t\t\t<div class=\"elementor-element elementor-element-5ff09916 elementor-widget-divider--view-line elementor-widget elementor-widget-divider\" data-id=\"5ff09916\" data-element_type=\"widget\" data-e-type=\"widget\" data-widget_type=\"divider.default\">\n\t\t\t\t<div class=\"elementor-widget-container\">\n\t\t\t\t\t\t\t<div class=\"elementor-divider\">\n\t\t\t<span class=\"elementor-divider-separator\">\n\t\t\t\t\t\t<\/span>\n\t\t<\/div>\n\t\t\t\t\t\t<\/div>\n\t\t\t\t<\/div>\n\t\t\t\t<div class=\"elementor-element elementor-element-2c2c426b elementor-widget elementor-widget-heading\" data-id=\"2c2c426b\" data-element_type=\"widget\" data-e-type=\"widget\" data-widget_type=\"heading.default\">\n\t\t\t\t<div class=\"elementor-widget-container\">\n\t\t\t\t\t<span class=\"elementor-heading-title elementor-size-large\">Po\u0161aljite Upit<\/span>\t\t\t\t<\/div>\n\t\t\t\t<\/div>\n\t\t\t\t<div class=\"elementor-element elementor-element-3d367f40 elementor-widget elementor-widget-text-editor\" data-id=\"3d367f40\" data-element_type=\"widget\" data-e-type=\"widget\" data-widget_type=\"text-editor.default\">\n\t\t\t\t<div class=\"elementor-widget-container\">\n\t\t\t\t\t\t\t\t\t<p>Za vi\u0161e informacija<\/p>\t\t\t\t\t\t\t\t<\/div>\n\t\t\t\t<\/div>\n\t\t\t\t<div class=\"elementor-element elementor-element-64fa29c elementor-widget elementor-widget-wp-widget-wpforms-widget\" data-id=\"64fa29c\" data-element_type=\"widget\" data-e-type=\"widget\" data-widget_type=\"wp-widget-wpforms-widget.default\">\n\t\t\t\t<div class=\"elementor-widget-container\">\n\t\t\t\t\t<div class=\"wpforms-container \" id=\"wpforms-1954\"><form id=\"wpforms-form-1954\" class=\"wpforms-validate wpforms-form\" data-formid=\"1954\" method=\"post\" enctype=\"multipart\/form-data\" action=\"\/en\/wp-json\/wp\/v2\/pages\/2260\" data-token=\"1fc53807056edf82f97c49822655e7c7\" data-token-time=\"1777492671\"><noscript class=\"wpforms-error-noscript\">Please enable JavaScript in your browser to complete this form.<\/noscript><div class=\"wpforms-field-container\"><div id=\"wpforms-1954-field_0-container\" class=\"wpforms-field wpforms-field-name\" data-field-id=\"0\"><input type=\"text\" id=\"wpforms-1954-field_0\" class=\"wpforms-field-medium wpforms-field-required\" name=\"wpforms[fields][0]\" placeholder=\"Ime\" required><\/div><div id=\"wpforms-1954-field_1-container\" class=\"wpforms-field wpforms-field-email\" data-field-id=\"1\"><input type=\"email\" id=\"wpforms-1954-field_1\" class=\"wpforms-field-medium wpforms-field-required\" name=\"wpforms[fields][1]\" placeholder=\"email@email.com\" spellcheck=\"false\" required><\/div><div id=\"wpforms-1954-field_2-container\" class=\"wpforms-field wpforms-field-textarea\" data-field-id=\"2\"><textarea id=\"wpforms-1954-field_2\" class=\"wpforms-field-medium wpforms-field-required\" name=\"wpforms[fields][2]\" placeholder=\"Va\u0161a poruka..\" required><\/textarea><\/div><\/div><!-- .wpforms-field-container --><div class=\"wpforms-recaptcha-container wpforms-is-hcaptcha\" ><div class=\"h-captcha\" data-sitekey=\"bbb6a4ee-6038-4a62-9072-bd73a8d39f74\"><\/div><input type=\"text\" name=\"g-recaptcha-hidden\" class=\"wpforms-recaptcha-hidden\" style=\"position:absolute!important;clip:rect(0,0,0,0)!important;height:1px!important;width:1px!important;border:0!important;overflow:hidden!important;padding:0!important;margin:0!important;\" data-rule-hcaptcha=\"1\"><\/div><div class=\"wpforms-submit-container\" ><input type=\"hidden\" name=\"wpforms[id]\" value=\"1954\"><input type=\"hidden\" name=\"page_title\" value=\"\"><input type=\"hidden\" name=\"page_url\" value=\"https:\/\/celias.hr\/en\/wp-json\/wp\/v2\/pages\/2260\"><input type=\"hidden\" name=\"url_referer\" value=\"\"><button type=\"submit\" name=\"wpforms[submit]\" id=\"wpforms-submit-1954\" class=\"wpforms-submit\" data-alt-text=\"\u0160alje se...\" data-submit-text=\"Po\u0161alji\" aria-live=\"assertive\" value=\"wpforms-submit\">Po\u0161alji<\/button><\/div><\/form><\/div>  <!-- .wpforms-container -->\t\t\t\t<\/div>\n\t\t\t\t<\/div>\n\t\t\t\t\t<\/div>\n\t\t<\/div>\n\t\t\t\t\t<\/div>\n\t\t<\/section>\n\t\t\t\t<\/div>\n\t\t","protected":false},"excerpt":{"rendered":"<p>distribucija peleta Distribucija S obzirom na stalnu suradnju i partnerstva sa najve\u0107im hrvatskim tvornicama peleta kao njihov dobavlja\u010d sirovine, u mogu\u0107nosti smo ponuditi i drveni pelet. Navedeni drveni pelet je proizveden od drveta bukve, graba i crnogorice te posjeduje A1 certifikat kvalitete. Godi\u0161nje plasiramo na hrvatsko i slovensko tr\u017ei\u0161te oko 1.500 tona peleta. Po\u0161aljite Upit [&hellip;]<\/p>\n","protected":false},"author":1,"featured_media":0,"parent":1895,"menu_order":0,"comment_status":"closed","ping_status":"closed","template":"","meta":{"_monsterinsights_skip_tracking":false,"_monsterinsights_sitenote_active":false,"_monsterinsights_sitenote_note":"","_monsterinsights_sitenote_category":0,"site-sidebar-layout":"no-sidebar","site-content-layout":"page-builder","ast-site-content-layout":"","site-content-style":"default","site-sidebar-style":"default","ast-global-header-display":"","ast-banner-title-visibility":"","ast-main-header-display":"","ast-hfb-above-header-display":"","ast-hfb-below-header-display":"","ast-hfb-mobile-header-display":"disabled","site-post-title":"disabled","ast-breadcrumbs-content":"","ast-featured-img":"disabled","footer-sml-layout":"","theme-transparent-header-meta":"enabled","adv-header-id-meta":"","stick-header-meta":"","header-above-stick-meta":"","header-main-stick-meta":"","header-below-stick-meta":"","astra-migrate-meta-layouts":"default","ast-page-background-enabled":"default","ast-page-background-meta":{"desktop":{"background-color":"var(--ast-global-color-4)","background-image":"","background-repeat":"repeat","background-position":"center center","background-size":"auto","background-attachment":"scroll","background-type":"","background-media":"","overlay-type":"","overlay-color":"","overlay-gradient":""},"tablet":{"background-color":"","background-image":"","background-repeat":"repeat","background-position":"center center","background-size":"auto","background-attachment":"scroll","background-type":"","background-media":"","overlay-type":"","overlay-color":"","overlay-gradient":""},"mobile":{"background-color":"","background-image":"","background-repeat":"repeat","background-position":"center center","background-size":"auto","background-attachment":"scroll","background-type":"","background-media":"","overlay-type":"","overlay-color":"","overlay-gradient":""}},"ast-content-background-meta":{"desktop":{"background-color":"var(--ast-global-color-5)","background-image":"","background-repeat":"repeat","background-position":"center center","background-size":"auto","background-attachment":"scroll","background-type":"","background-media":"","overlay-type":"","overlay-color":"","overlay-gradient":""},"tablet":{"background-color":"var(--ast-global-color-5)","background-image":"","background-repeat":"repeat","background-position":"center center","background-size":"auto","background-attachment":"scroll","background-type":"","background-media":"","overlay-type":"","overlay-color":"","overlay-gradient":""},"mobile":{"background-color":"var(--ast-global-color-5)","background-image":"","background-repeat":"repeat","background-position":"center center","background-size":"auto","background-attachment":"scroll","background-type":"","background-media":"","overlay-type":"","overlay-color":"","overlay-gradient":""}},"footnotes":""},"class_list":["post-2260","page","type-page","status-publish","hentry"],"yoast_head":"<!-- This site is optimized with the Yoast SEO plugin v27.5 - https:\/\/yoast.com\/product\/yoast-seo-wordpress\/ -->\n<title>Celias - Proizvodnja i transport sje\u010dke<\/title>\n<meta name=\"description\" content=\"Celias d.o.o. - transport i proizvodnja drvene sje\u010dke te drvene biomase. Usluge kr\u010denja \u0161uma i otkup drvene mase.\" \/>\n<meta name=\"robots\" content=\"index, follow, max-snippet:-1, max-image-preview:large, max-video-preview:-1\" \/>\n<link rel=\"canonical\" href=\"https:\/\/celias.hr\/en\/home\/distribucija-peleta\/\" \/>\n<meta property=\"og:locale\" content=\"en_GB\" \/>\n<meta property=\"og:type\" content=\"article\" \/>\n<meta property=\"og:title\" content=\"Celias - Proizvodnja i transport sje\u010dke\" \/>\n<meta property=\"og:description\" content=\"Celias d.o.o. - transport i proizvodnja drvene sje\u010dke te drvene biomase. Usluge kr\u010denja \u0161uma i otkup drvene mase.\" \/>\n<meta property=\"og:url\" content=\"https:\/\/celias.hr\/en\/home\/distribucija-peleta\/\" \/>\n<meta property=\"og:site_name\" content=\"Celias\" \/>\n<meta property=\"article:modified_time\" content=\"2022-12-04T16:06:37+00:00\" \/>\n<meta property=\"og:image\" content=\"https:\/\/celias.hr\/wp-content\/uploads\/elementor\/thumbs\/Drveni-pelet-A1-pwcewmj9lnwxifzmhapqmktlk2aynsb6le7aoeqxwg.jpg\" \/>\n<meta name=\"twitter:card\" content=\"summary_large_image\" \/>\n<meta name=\"twitter:label1\" content=\"Estimated reading time\" \/>\n\t<meta name=\"twitter:data1\" content=\"1 minute\" \/>\n<script type=\"application\/ld+json\" class=\"yoast-schema-graph\">{\"@context\":\"https:\\\/\\\/schema.org\",\"@graph\":[{\"@type\":\"WebPage\",\"@id\":\"https:\\\/\\\/celias.hr\\\/home\\\/distribucija-peleta\\\/\",\"url\":\"https:\\\/\\\/celias.hr\\\/home\\\/distribucija-peleta\\\/\",\"name\":\"Celias - Proizvodnja i transport sje\u010dke\",\"isPartOf\":{\"@id\":\"https:\\\/\\\/celias.hr\\\/#website\"},\"primaryImageOfPage\":{\"@id\":\"https:\\\/\\\/celias.hr\\\/home\\\/distribucija-peleta\\\/#primaryimage\"},\"image\":{\"@id\":\"https:\\\/\\\/celias.hr\\\/home\\\/distribucija-peleta\\\/#primaryimage\"},\"thumbnailUrl\":\"https:\\\/\\\/celias.hr\\\/wp-content\\\/uploads\\\/elementor\\\/thumbs\\\/Drveni-pelet-A1-pwcewmj9lnwxifzmhapqmktlk2aynsb6le7aoeqxwg.jpg\",\"datePublished\":\"2022-10-12T11:51:05+00:00\",\"dateModified\":\"2022-12-04T16:06:37+00:00\",\"description\":\"Celias d.o.o. - transport i proizvodnja drvene sje\u010dke te drvene biomase. Usluge kr\u010denja \u0161uma i otkup drvene mase.\",\"breadcrumb\":{\"@id\":\"https:\\\/\\\/celias.hr\\\/home\\\/distribucija-peleta\\\/#breadcrumb\"},\"inLanguage\":\"en-GB\",\"potentialAction\":[{\"@type\":\"ReadAction\",\"target\":[\"https:\\\/\\\/celias.hr\\\/home\\\/distribucija-peleta\\\/\"]}]},{\"@type\":\"ImageObject\",\"inLanguage\":\"en-GB\",\"@id\":\"https:\\\/\\\/celias.hr\\\/home\\\/distribucija-peleta\\\/#primaryimage\",\"url\":\"https:\\\/\\\/celias.hr\\\/wp-content\\\/uploads\\\/elementor\\\/thumbs\\\/Drveni-pelet-A1-pwcewmj9lnwxifzmhapqmktlk2aynsb6le7aoeqxwg.jpg\",\"contentUrl\":\"https:\\\/\\\/celias.hr\\\/wp-content\\\/uploads\\\/elementor\\\/thumbs\\\/Drveni-pelet-A1-pwcewmj9lnwxifzmhapqmktlk2aynsb6le7aoeqxwg.jpg\"},{\"@type\":\"BreadcrumbList\",\"@id\":\"https:\\\/\\\/celias.hr\\\/home\\\/distribucija-peleta\\\/#breadcrumb\",\"itemListElement\":[{\"@type\":\"ListItem\",\"position\":1,\"name\":\"Home\",\"item\":\"https:\\\/\\\/celias.hr\\\/\"},{\"@type\":\"ListItem\",\"position\":2,\"name\":\"Po\u010detna\",\"item\":\"https:\\\/\\\/celias.hr\\\/\"},{\"@type\":\"ListItem\",\"position\":3,\"name\":\"Distribucija peleta\"}]},{\"@type\":\"WebSite\",\"@id\":\"https:\\\/\\\/celias.hr\\\/#website\",\"url\":\"https:\\\/\\\/celias.hr\\\/\",\"name\":\"Celias\",\"description\":\"Proizvodnja i transport sje\u010dke\",\"publisher\":{\"@id\":\"https:\\\/\\\/celias.hr\\\/#organization\"},\"potentialAction\":[{\"@type\":\"SearchAction\",\"target\":{\"@type\":\"EntryPoint\",\"urlTemplate\":\"https:\\\/\\\/celias.hr\\\/?s={search_term_string}\"},\"query-input\":{\"@type\":\"PropertyValueSpecification\",\"valueRequired\":true,\"valueName\":\"search_term_string\"}}],\"inLanguage\":\"en-GB\"},{\"@type\":\"Organization\",\"@id\":\"https:\\\/\\\/celias.hr\\\/#organization\",\"name\":\"Celias\",\"url\":\"https:\\\/\\\/celias.hr\\\/\",\"logo\":{\"@type\":\"ImageObject\",\"inLanguage\":\"en-GB\",\"@id\":\"https:\\\/\\\/celias.hr\\\/#\\\/schema\\\/logo\\\/image\\\/\",\"url\":\"https:\\\/\\\/celias.hr\\\/wp-content\\\/uploads\\\/2022\\\/08\\\/celiasLogo.jpg\",\"contentUrl\":\"https:\\\/\\\/celias.hr\\\/wp-content\\\/uploads\\\/2022\\\/08\\\/celiasLogo.jpg\",\"width\":500,\"height\":200,\"caption\":\"Celias\"},\"image\":{\"@id\":\"https:\\\/\\\/celias.hr\\\/#\\\/schema\\\/logo\\\/image\\\/\"}}]}<\/script>\n<!-- \/ Yoast SEO plugin. -->","yoast_head_json":{"title":"Celias - Proizvodnja i transport sje\u010dke","description":"Celias d.o.o. - transport i proizvodnja drvene sje\u010dke te drvene biomase. Usluge kr\u010denja \u0161uma i otkup drvene mase.","robots":{"index":"index","follow":"follow","max-snippet":"max-snippet:-1","max-image-preview":"max-image-preview:large","max-video-preview":"max-video-preview:-1"},"canonical":"https:\/\/celias.hr\/en\/home\/distribucija-peleta\/","og_locale":"en_GB","og_type":"article","og_title":"Celias - Proizvodnja i transport sje\u010dke","og_description":"Celias d.o.o. - transport i proizvodnja drvene sje\u010dke te drvene biomase. Usluge kr\u010denja \u0161uma i otkup drvene mase.","og_url":"https:\/\/celias.hr\/en\/home\/distribucija-peleta\/","og_site_name":"Celias","article_modified_time":"2022-12-04T16:06:37+00:00","og_image":[{"url":"https:\/\/celias.hr\/wp-content\/uploads\/elementor\/thumbs\/Drveni-pelet-A1-pwcewmj9lnwxifzmhapqmktlk2aynsb6le7aoeqxwg.jpg","type":"","width":"","height":""}],"twitter_card":"summary_large_image","twitter_misc":{"Estimated reading time":"1 minute"},"schema":{"@context":"https:\/\/schema.org","@graph":[{"@type":"WebPage","@id":"https:\/\/celias.hr\/home\/distribucija-peleta\/","url":"https:\/\/celias.hr\/home\/distribucija-peleta\/","name":"Celias - Proizvodnja i transport sje\u010dke","isPartOf":{"@id":"https:\/\/celias.hr\/#website"},"primaryImageOfPage":{"@id":"https:\/\/celias.hr\/home\/distribucija-peleta\/#primaryimage"},"image":{"@id":"https:\/\/celias.hr\/home\/distribucija-peleta\/#primaryimage"},"thumbnailUrl":"https:\/\/celias.hr\/wp-content\/uploads\/elementor\/thumbs\/Drveni-pelet-A1-pwcewmj9lnwxifzmhapqmktlk2aynsb6le7aoeqxwg.jpg","datePublished":"2022-10-12T11:51:05+00:00","dateModified":"2022-12-04T16:06:37+00:00","description":"Celias d.o.o. - transport i proizvodnja drvene sje\u010dke te drvene biomase. Usluge kr\u010denja \u0161uma i otkup drvene mase.","breadcrumb":{"@id":"https:\/\/celias.hr\/home\/distribucija-peleta\/#breadcrumb"},"inLanguage":"en-GB","potentialAction":[{"@type":"ReadAction","target":["https:\/\/celias.hr\/home\/distribucija-peleta\/"]}]},{"@type":"ImageObject","inLanguage":"en-GB","@id":"https:\/\/celias.hr\/home\/distribucija-peleta\/#primaryimage","url":"https:\/\/celias.hr\/wp-content\/uploads\/elementor\/thumbs\/Drveni-pelet-A1-pwcewmj9lnwxifzmhapqmktlk2aynsb6le7aoeqxwg.jpg","contentUrl":"https:\/\/celias.hr\/wp-content\/uploads\/elementor\/thumbs\/Drveni-pelet-A1-pwcewmj9lnwxifzmhapqmktlk2aynsb6le7aoeqxwg.jpg"},{"@type":"BreadcrumbList","@id":"https:\/\/celias.hr\/home\/distribucija-peleta\/#breadcrumb","itemListElement":[{"@type":"ListItem","position":1,"name":"Home","item":"https:\/\/celias.hr\/"},{"@type":"ListItem","position":2,"name":"Po\u010detna","item":"https:\/\/celias.hr\/"},{"@type":"ListItem","position":3,"name":"Distribucija peleta"}]},{"@type":"WebSite","@id":"https:\/\/celias.hr\/#website","url":"https:\/\/celias.hr\/","name":"Celias","description":"Proizvodnja i transport sje\u010dke","publisher":{"@id":"https:\/\/celias.hr\/#organization"},"potentialAction":[{"@type":"SearchAction","target":{"@type":"EntryPoint","urlTemplate":"https:\/\/celias.hr\/?s={search_term_string}"},"query-input":{"@type":"PropertyValueSpecification","valueRequired":true,"valueName":"search_term_string"}}],"inLanguage":"en-GB"},{"@type":"Organization","@id":"https:\/\/celias.hr\/#organization","name":"Celias","url":"https:\/\/celias.hr\/","logo":{"@type":"ImageObject","inLanguage":"en-GB","@id":"https:\/\/celias.hr\/#\/schema\/logo\/image\/","url":"https:\/\/celias.hr\/wp-content\/uploads\/2022\/08\/celiasLogo.jpg","contentUrl":"https:\/\/celias.hr\/wp-content\/uploads\/2022\/08\/celiasLogo.jpg","width":500,"height":200,"caption":"Celias"},"image":{"@id":"https:\/\/celias.hr\/#\/schema\/logo\/image\/"}}]}},"_links":{"self":[{"href":"https:\/\/celias.hr\/en\/wp-json\/wp\/v2\/pages\/2260","targetHints":{"allow":["GET"]}}],"collection":[{"href":"https:\/\/celias.hr\/en\/wp-json\/wp\/v2\/pages"}],"about":[{"href":"https:\/\/celias.hr\/en\/wp-json\/wp\/v2\/types\/page"}],"author":[{"embeddable":true,"href":"https:\/\/celias.hr\/en\/wp-json\/wp\/v2\/users\/1"}],"replies":[{"embeddable":true,"href":"https:\/\/celias.hr\/en\/wp-json\/wp\/v2\/comments?post=2260"}],"version-history":[{"count":0,"href":"https:\/\/celias.hr\/en\/wp-json\/wp\/v2\/pages\/2260\/revisions"}],"up":[{"embeddable":true,"href":"https:\/\/celias.hr\/en\/wp-json\/wp\/v2\/pages\/1895"}],"wp:attachment":[{"href":"https:\/\/celias.hr\/en\/wp-json\/wp\/v2\/media?parent=2260"}],"curies":[{"name":"wp","href":"https:\/\/api.w.org\/{rel}","templated":true}]}}