{"id":2095,"date":"2022-09-08T07:14:11","date_gmt":"2022-09-08T07:14:11","guid":{"rendered":"https:\/\/celias.hr\/?page_id=2095"},"modified":"2024-03-20T21:20:10","modified_gmt":"2024-03-20T21:20:10","slug":"about","status":"publish","type":"page","link":"https:\/\/celias.hr\/en\/home\/about\/","title":{"rendered":"About Us"},"content":{"rendered":"<div data-elementor-type=\"wp-post\" data-elementor-id=\"2095\" class=\"elementor elementor-2095\">\n\t\t\t\t\t\t<section class=\"elementor-section elementor-top-section elementor-element elementor-element-7c257d3e elementor-section-boxed elementor-section-height-default elementor-section-height-default\" data-id=\"7c257d3e\" data-element_type=\"section\" data-e-type=\"section\" data-settings=\"{&quot;background_background&quot;:&quot;classic&quot;}\">\n\t\t\t\t\t\t\t<div class=\"elementor-background-overlay\"><\/div>\n\t\t\t\t\t\t\t<div class=\"elementor-container elementor-column-gap-default\">\n\t\t\t\t\t<div class=\"elementor-column elementor-col-100 elementor-top-column elementor-element elementor-element-2480a569\" data-id=\"2480a569\" data-element_type=\"column\" data-e-type=\"column\">\n\t\t\t<div class=\"elementor-widget-wrap elementor-element-populated\">\n\t\t\t\t\t\t<div class=\"elementor-element elementor-element-ba58aa3 elementor-widget elementor-widget-heading\" data-id=\"ba58aa3\" data-element_type=\"widget\" data-e-type=\"widget\" data-widget_type=\"heading.default\">\n\t\t\t\t<div class=\"elementor-widget-container\">\n\t\t\t\t\t<h1 class=\"elementor-heading-title elementor-size-default\">o nama<\/h1>\t\t\t\t<\/div>\n\t\t\t\t<\/div>\n\t\t\t\t\t<\/div>\n\t\t<\/div>\n\t\t\t\t\t<\/div>\n\t\t<\/section>\n\t\t\t\t<section class=\"elementor-section elementor-top-section elementor-element elementor-element-6fb8f397 elementor-section-content-middle elementor-section-boxed elementor-section-height-default elementor-section-height-default\" data-id=\"6fb8f397\" data-element_type=\"section\" data-e-type=\"section\" data-settings=\"{&quot;background_background&quot;:&quot;gradient&quot;}\">\n\t\t\t\t\t\t<div class=\"elementor-container elementor-column-gap-no\">\n\t\t\t\t\t<div class=\"elementor-column elementor-col-50 elementor-top-column elementor-element elementor-element-159c63fb\" data-id=\"159c63fb\" data-element_type=\"column\" data-e-type=\"column\">\n\t\t\t<div class=\"elementor-widget-wrap elementor-element-populated\">\n\t\t\t\t\t\t<div class=\"elementor-element elementor-element-180587c elementor-widget-divider--view-line elementor-widget elementor-widget-divider\" data-id=\"180587c\" data-element_type=\"widget\" data-e-type=\"widget\" data-widget_type=\"divider.default\">\n\t\t\t\t<div class=\"elementor-widget-container\">\n\t\t\t\t\t\t\t<div class=\"elementor-divider\">\n\t\t\t<span class=\"elementor-divider-separator\">\n\t\t\t\t\t\t<\/span>\n\t\t<\/div>\n\t\t\t\t\t\t<\/div>\n\t\t\t\t<\/div>\n\t\t\t\t<div class=\"elementor-element elementor-element-552d4bba elementor-widget elementor-widget-text-editor\" data-id=\"552d4bba\" data-element_type=\"widget\" data-e-type=\"widget\" data-widget_type=\"text-editor.default\">\n\t\t\t\t<div class=\"elementor-widget-container\">\n\t\t\t\t\t\t\t\t\t<p class=\"translation-block\">The company Celias d.o.o. is one of the leaders in biomass and wood chip production, having secured a significant place in the sustainable energy market through six years of continuous development and innovation. Over these six years of steady growth, we have achieved remarkable results in sustainable production.<br><br>\n\nWe are proud holders of the <a href=\"https:\/\/sure-system.org\/en\/certification.html\" target=\"_self\">SURE<\/a> certificate, which guarantees that Celias d.o.o. provides high-quality biomass that contributes to ecological and sustainable energy.<br><br>\n\nOur commitment to sustainability and investment in technology places us at the forefront of the industry, ensuring high efficiency and environmental responsibility at every step of our operations.<\/p>\t\t\t\t\t\t\t\t<\/div>\n\t\t\t\t<\/div>\n\t\t\t\t<div class=\"elementor-element elementor-element-4028df50 elementor-widget-divider--view-line elementor-widget elementor-widget-divider\" data-id=\"4028df50\" data-element_type=\"widget\" data-e-type=\"widget\" data-widget_type=\"divider.default\">\n\t\t\t\t<div class=\"elementor-widget-container\">\n\t\t\t\t\t\t\t<div class=\"elementor-divider\">\n\t\t\t<span class=\"elementor-divider-separator\">\n\t\t\t\t\t\t<\/span>\n\t\t<\/div>\n\t\t\t\t\t\t<\/div>\n\t\t\t\t<\/div>\n\t\t\t\t\t<\/div>\n\t\t<\/div>\n\t\t\t\t<div class=\"elementor-column elementor-col-50 elementor-top-column elementor-element elementor-element-8416575\" data-id=\"8416575\" data-element_type=\"column\" data-e-type=\"column\">\n\t\t\t<div class=\"elementor-widget-wrap elementor-element-populated\">\n\t\t\t\t\t\t<div class=\"elementor-element elementor-element-3d56508 elementor-widget elementor-widget-image\" data-id=\"3d56508\" data-element_type=\"widget\" data-e-type=\"widget\" data-widget_type=\"image.default\">\n\t\t\t\t<div class=\"elementor-widget-container\">\n\t\t\t\t\t\t\t\t\t\t\t\t\t\t\t<img fetchpriority=\"high\" decoding=\"async\" width=\"2040\" height=\"1530\" src=\"https:\/\/celias.hr\/wp-content\/uploads\/2024\/03\/8f4efb91-da70-4ef8-a556-4f20bc8530fb.jpg\" class=\"attachment-full size-full wp-image-2601\" alt=\"trupci u snijegu\" srcset=\"https:\/\/celias.hr\/wp-content\/uploads\/2024\/03\/8f4efb91-da70-4ef8-a556-4f20bc8530fb.jpg 2040w, https:\/\/celias.hr\/wp-content\/uploads\/2024\/03\/8f4efb91-da70-4ef8-a556-4f20bc8530fb-300x225.jpg 300w, https:\/\/celias.hr\/wp-content\/uploads\/2024\/03\/8f4efb91-da70-4ef8-a556-4f20bc8530fb-1024x768.jpg 1024w, https:\/\/celias.hr\/wp-content\/uploads\/2024\/03\/8f4efb91-da70-4ef8-a556-4f20bc8530fb-768x576.jpg 768w, https:\/\/celias.hr\/wp-content\/uploads\/2024\/03\/8f4efb91-da70-4ef8-a556-4f20bc8530fb-1536x1152.jpg 1536w, https:\/\/celias.hr\/wp-content\/uploads\/2024\/03\/8f4efb91-da70-4ef8-a556-4f20bc8530fb-16x12.jpg 16w\" sizes=\"(max-width: 2040px) 100vw, 2040px\" \/>\t\t\t\t\t\t\t\t\t\t\t\t\t\t\t<\/div>\n\t\t\t\t<\/div>\n\t\t\t\t\t<\/div>\n\t\t<\/div>\n\t\t\t\t\t<\/div>\n\t\t<\/section>\n\t\t\t\t<section class=\"elementor-section elementor-top-section elementor-element elementor-element-511485a elementor-section-boxed elementor-section-height-default elementor-section-height-default\" data-id=\"511485a\" data-element_type=\"section\" data-e-type=\"section\">\n\t\t\t\t\t\t<div class=\"elementor-container elementor-column-gap-default\">\n\t\t\t\t\t<div class=\"elementor-column elementor-col-100 elementor-top-column elementor-element elementor-element-c065379\" data-id=\"c065379\" data-element_type=\"column\" data-e-type=\"column\">\n\t\t\t<div class=\"elementor-widget-wrap elementor-element-populated\">\n\t\t\t\t\t\t<section class=\"elementor-section elementor-inner-section elementor-element elementor-element-21d99a2 elementor-section-boxed elementor-section-height-default elementor-section-height-default\" data-id=\"21d99a2\" data-element_type=\"section\" data-e-type=\"section\">\n\t\t\t\t\t\t<div class=\"elementor-container elementor-column-gap-default\">\n\t\t\t\t\t<div class=\"elementor-column elementor-col-50 elementor-inner-column elementor-element elementor-element-f08cc16\" data-id=\"f08cc16\" data-element_type=\"column\" data-e-type=\"column\">\n\t\t\t<div class=\"elementor-widget-wrap elementor-element-populated\">\n\t\t\t\t\t\t<div class=\"elementor-element elementor-element-9425ea6 elementor-widget elementor-widget-counter\" data-id=\"9425ea6\" data-element_type=\"widget\" data-e-type=\"widget\" data-widget_type=\"counter.default\">\n\t\t\t\t<div class=\"elementor-widget-container\">\n\t\t\t\t\t\t\t<div class=\"elementor-counter\">\n\t\t\t<div class=\"elementor-counter-title\">Tons of biomass produced annually<\/div>\t\t\t<div class=\"elementor-counter-number-wrapper\">\n\t\t\t\t<span class=\"elementor-counter-number-prefix\"><\/span>\n\t\t\t\t<span class=\"elementor-counter-number\" data-duration=\"2000\" data-to-value=\"60000\" data-from-value=\"0\" data-delimiter=\",\">0<\/span>\n\t\t\t\t<span class=\"elementor-counter-number-suffix\"><\/span>\n\t\t\t<\/div>\n\t\t<\/div>\n\t\t\t\t\t\t<\/div>\n\t\t\t\t<\/div>\n\t\t\t\t\t<\/div>\n\t\t<\/div>\n\t\t\t\t<div class=\"elementor-column elementor-col-50 elementor-inner-column elementor-element elementor-element-b212841\" data-id=\"b212841\" data-element_type=\"column\" data-e-type=\"column\">\n\t\t\t<div class=\"elementor-widget-wrap elementor-element-populated\">\n\t\t\t\t\t\t<div class=\"elementor-element elementor-element-1d66dc1 elementor-widget elementor-widget-counter\" data-id=\"1d66dc1\" data-element_type=\"widget\" data-e-type=\"widget\" data-widget_type=\"counter.default\">\n\t\t\t\t<div class=\"elementor-widget-container\">\n\t\t\t\t\t\t\t<div class=\"elementor-counter\">\n\t\t\t<div class=\"elementor-counter-title\"> m\u00b2 of cleared overgrown land annually<\/div>\t\t\t<div class=\"elementor-counter-number-wrapper\">\n\t\t\t\t<span class=\"elementor-counter-number-prefix\"><\/span>\n\t\t\t\t<span class=\"elementor-counter-number\" data-duration=\"2000\" data-to-value=\"6000000\" data-from-value=\"0\" data-delimiter=\",\">0<\/span>\n\t\t\t\t<span class=\"elementor-counter-number-suffix\"><\/span>\n\t\t\t<\/div>\n\t\t<\/div>\n\t\t\t\t\t\t<\/div>\n\t\t\t\t<\/div>\n\t\t\t\t\t<\/div>\n\t\t<\/div>\n\t\t\t\t\t<\/div>\n\t\t<\/section>\n\t\t\t\t\t<\/div>\n\t\t<\/div>\n\t\t\t\t\t<\/div>\n\t\t<\/section>\n\t\t\t\t<\/div>","protected":false},"excerpt":{"rendered":"<p>o nama Tvrtka Celias d.o.o. jedan je od lidera u proizvodnji biomase i drvne sje\u010dke, dok je svojim \u0161estogodi\u0161njim kontinuiranim razvojem i inovacijama zauzela zna\u010dajno mjesto na tr\u017ei\u0161tu odr\u017eive energije. Kroz \u0161est godina kontinuiranog razvoja i inovacija, uspjeli smo posti\u0107i izvanredne rezultate u odr\u017eivoj proizvodnji. Ponosni smo nositelj SURE certifikata, \u010dime Celias d.o.o. garantira visokokvalitetnu [&hellip;]<\/p>\n","protected":false},"author":1,"featured_media":0,"parent":1895,"menu_order":0,"comment_status":"closed","ping_status":"closed","template":"","meta":{"_monsterinsights_skip_tracking":false,"_monsterinsights_sitenote_active":false,"_monsterinsights_sitenote_note":"","_monsterinsights_sitenote_category":0,"site-sidebar-layout":"no-sidebar","site-content-layout":"page-builder","ast-site-content-layout":"","site-content-style":"default","site-sidebar-style":"default","ast-global-header-display":"","ast-banner-title-visibility":"","ast-main-header-display":"","ast-hfb-above-header-display":"","ast-hfb-below-header-display":"","ast-hfb-mobile-header-display":"disabled","site-post-title":"disabled","ast-breadcrumbs-content":"","ast-featured-img":"disabled","footer-sml-layout":"","theme-transparent-header-meta":"enabled","adv-header-id-meta":"","stick-header-meta":"","header-above-stick-meta":"","header-main-stick-meta":"","header-below-stick-meta":"","astra-migrate-meta-layouts":"default","ast-page-background-enabled":"default","ast-page-background-meta":{"desktop":{"background-color":"var(--ast-global-color-4)","background-image":"","background-repeat":"repeat","background-position":"center center","background-size":"auto","background-attachment":"scroll","background-type":"","background-media":"","overlay-type":"","overlay-color":"","overlay-gradient":""},"tablet":{"background-color":"","background-image":"","background-repeat":"repeat","background-position":"center center","background-size":"auto","background-attachment":"scroll","background-type":"","background-media":"","overlay-type":"","overlay-color":"","overlay-gradient":""},"mobile":{"background-color":"","background-image":"","background-repeat":"repeat","background-position":"center center","background-size":"auto","background-attachment":"scroll","background-type":"","background-media":"","overlay-type":"","overlay-color":"","overlay-gradient":""}},"ast-content-background-meta":{"desktop":{"background-color":"var(--ast-global-color-5)","background-image":"","background-repeat":"repeat","background-position":"center center","background-size":"auto","background-attachment":"scroll","background-type":"","background-media":"","overlay-type":"","overlay-color":"","overlay-gradient":""},"tablet":{"background-color":"var(--ast-global-color-5)","background-image":"","background-repeat":"repeat","background-position":"center center","background-size":"auto","background-attachment":"scroll","background-type":"","background-media":"","overlay-type":"","overlay-color":"","overlay-gradient":""},"mobile":{"background-color":"var(--ast-global-color-5)","background-image":"","background-repeat":"repeat","background-position":"center center","background-size":"auto","background-attachment":"scroll","background-type":"","background-media":"","overlay-type":"","overlay-color":"","overlay-gradient":""}},"footnotes":""},"class_list":["post-2095","page","type-page","status-publish","hentry"],"yoast_head":"<!-- This site is optimized with the Yoast SEO plugin v27.3 - https:\/\/yoast.com\/product\/yoast-seo-wordpress\/ -->\n<title>Celias - Proizvodnja i transport sje\u010dke<\/title>\n<meta name=\"description\" content=\"Celias d.o.o. - transport i proizvodnja drvene sje\u010dke te drvene biomase. Usluge kr\u010denja \u0161uma i otkup drvene mase.\" \/>\n<meta name=\"robots\" content=\"index, follow, max-snippet:-1, max-image-preview:large, max-video-preview:-1\" \/>\n<link rel=\"canonical\" href=\"https:\/\/celias.hr\/en\/home\/about\/\" \/>\n<meta property=\"og:locale\" content=\"en_GB\" \/>\n<meta property=\"og:type\" content=\"article\" \/>\n<meta property=\"og:title\" content=\"Celias - Proizvodnja i transport sje\u010dke\" \/>\n<meta property=\"og:description\" content=\"Celias d.o.o. - transport i proizvodnja drvene sje\u010dke te drvene biomase. Usluge kr\u010denja \u0161uma i otkup drvene mase.\" \/>\n<meta property=\"og:url\" content=\"https:\/\/celias.hr\/en\/home\/about\/\" \/>\n<meta property=\"og:site_name\" content=\"Celias\" \/>\n<meta property=\"article:modified_time\" content=\"2024-03-20T21:20:10+00:00\" \/>\n<meta property=\"og:image\" content=\"https:\/\/celias.hr\/wp-content\/uploads\/2024\/03\/8f4efb91-da70-4ef8-a556-4f20bc8530fb.jpg\" \/>\n<meta name=\"twitter:card\" content=\"summary_large_image\" \/>\n<meta name=\"twitter:label1\" content=\"Estimated reading time\" \/>\n\t<meta name=\"twitter:data1\" content=\"1 minute\" \/>\n<script type=\"application\/ld+json\" class=\"yoast-schema-graph\">{\"@context\":\"https:\\\/\\\/schema.org\",\"@graph\":[{\"@type\":\"WebPage\",\"@id\":\"https:\\\/\\\/celias.hr\\\/home\\\/about\\\/\",\"url\":\"https:\\\/\\\/celias.hr\\\/home\\\/about\\\/\",\"name\":\"Celias - Proizvodnja i transport sje\u010dke\",\"isPartOf\":{\"@id\":\"https:\\\/\\\/celias.hr\\\/#website\"},\"primaryImageOfPage\":{\"@id\":\"https:\\\/\\\/celias.hr\\\/home\\\/about\\\/#primaryimage\"},\"image\":{\"@id\":\"https:\\\/\\\/celias.hr\\\/home\\\/about\\\/#primaryimage\"},\"thumbnailUrl\":\"https:\\\/\\\/celias.hr\\\/wp-content\\\/uploads\\\/2024\\\/03\\\/8f4efb91-da70-4ef8-a556-4f20bc8530fb.jpg\",\"datePublished\":\"2022-09-08T07:14:11+00:00\",\"dateModified\":\"2024-03-20T21:20:10+00:00\",\"description\":\"Celias d.o.o. - transport i proizvodnja drvene sje\u010dke te drvene biomase. Usluge kr\u010denja \u0161uma i otkup drvene mase.\",\"breadcrumb\":{\"@id\":\"https:\\\/\\\/celias.hr\\\/home\\\/about\\\/#breadcrumb\"},\"inLanguage\":\"en-GB\",\"potentialAction\":[{\"@type\":\"ReadAction\",\"target\":[\"https:\\\/\\\/celias.hr\\\/home\\\/about\\\/\"]}]},{\"@type\":\"ImageObject\",\"inLanguage\":\"en-GB\",\"@id\":\"https:\\\/\\\/celias.hr\\\/home\\\/about\\\/#primaryimage\",\"url\":\"https:\\\/\\\/celias.hr\\\/wp-content\\\/uploads\\\/2024\\\/03\\\/8f4efb91-da70-4ef8-a556-4f20bc8530fb.jpg\",\"contentUrl\":\"https:\\\/\\\/celias.hr\\\/wp-content\\\/uploads\\\/2024\\\/03\\\/8f4efb91-da70-4ef8-a556-4f20bc8530fb.jpg\"},{\"@type\":\"BreadcrumbList\",\"@id\":\"https:\\\/\\\/celias.hr\\\/home\\\/about\\\/#breadcrumb\",\"itemListElement\":[{\"@type\":\"ListItem\",\"position\":1,\"name\":\"Home\",\"item\":\"https:\\\/\\\/celias.hr\\\/\"},{\"@type\":\"ListItem\",\"position\":2,\"name\":\"Po\u010detna\",\"item\":\"https:\\\/\\\/celias.hr\\\/\"},{\"@type\":\"ListItem\",\"position\":3,\"name\":\"O nama\"}]},{\"@type\":\"WebSite\",\"@id\":\"https:\\\/\\\/celias.hr\\\/#website\",\"url\":\"https:\\\/\\\/celias.hr\\\/\",\"name\":\"Celias\",\"description\":\"Proizvodnja i transport sje\u010dke\",\"publisher\":{\"@id\":\"https:\\\/\\\/celias.hr\\\/#organization\"},\"potentialAction\":[{\"@type\":\"SearchAction\",\"target\":{\"@type\":\"EntryPoint\",\"urlTemplate\":\"https:\\\/\\\/celias.hr\\\/?s={search_term_string}\"},\"query-input\":{\"@type\":\"PropertyValueSpecification\",\"valueRequired\":true,\"valueName\":\"search_term_string\"}}],\"inLanguage\":\"en-GB\"},{\"@type\":\"Organization\",\"@id\":\"https:\\\/\\\/celias.hr\\\/#organization\",\"name\":\"Celias\",\"url\":\"https:\\\/\\\/celias.hr\\\/\",\"logo\":{\"@type\":\"ImageObject\",\"inLanguage\":\"en-GB\",\"@id\":\"https:\\\/\\\/celias.hr\\\/#\\\/schema\\\/logo\\\/image\\\/\",\"url\":\"https:\\\/\\\/celias.hr\\\/wp-content\\\/uploads\\\/2022\\\/08\\\/celiasLogo.jpg\",\"contentUrl\":\"https:\\\/\\\/celias.hr\\\/wp-content\\\/uploads\\\/2022\\\/08\\\/celiasLogo.jpg\",\"width\":500,\"height\":200,\"caption\":\"Celias\"},\"image\":{\"@id\":\"https:\\\/\\\/celias.hr\\\/#\\\/schema\\\/logo\\\/image\\\/\"}}]}<\/script>\n<!-- \/ Yoast SEO plugin. -->","yoast_head_json":{"title":"Celias - Proizvodnja i transport sje\u010dke","description":"Celias d.o.o. - transport i proizvodnja drvene sje\u010dke te drvene biomase. Usluge kr\u010denja \u0161uma i otkup drvene mase.","robots":{"index":"index","follow":"follow","max-snippet":"max-snippet:-1","max-image-preview":"max-image-preview:large","max-video-preview":"max-video-preview:-1"},"canonical":"https:\/\/celias.hr\/en\/home\/about\/","og_locale":"en_GB","og_type":"article","og_title":"Celias - Proizvodnja i transport sje\u010dke","og_description":"Celias d.o.o. - transport i proizvodnja drvene sje\u010dke te drvene biomase. Usluge kr\u010denja \u0161uma i otkup drvene mase.","og_url":"https:\/\/celias.hr\/en\/home\/about\/","og_site_name":"Celias","article_modified_time":"2024-03-20T21:20:10+00:00","og_image":[{"url":"https:\/\/celias.hr\/wp-content\/uploads\/2024\/03\/8f4efb91-da70-4ef8-a556-4f20bc8530fb.jpg","type":"","width":"","height":""}],"twitter_card":"summary_large_image","twitter_misc":{"Estimated reading time":"1 minute"},"schema":{"@context":"https:\/\/schema.org","@graph":[{"@type":"WebPage","@id":"https:\/\/celias.hr\/home\/about\/","url":"https:\/\/celias.hr\/home\/about\/","name":"Celias - Proizvodnja i transport sje\u010dke","isPartOf":{"@id":"https:\/\/celias.hr\/#website"},"primaryImageOfPage":{"@id":"https:\/\/celias.hr\/home\/about\/#primaryimage"},"image":{"@id":"https:\/\/celias.hr\/home\/about\/#primaryimage"},"thumbnailUrl":"https:\/\/celias.hr\/wp-content\/uploads\/2024\/03\/8f4efb91-da70-4ef8-a556-4f20bc8530fb.jpg","datePublished":"2022-09-08T07:14:11+00:00","dateModified":"2024-03-20T21:20:10+00:00","description":"Celias d.o.o. - transport i proizvodnja drvene sje\u010dke te drvene biomase. Usluge kr\u010denja \u0161uma i otkup drvene mase.","breadcrumb":{"@id":"https:\/\/celias.hr\/home\/about\/#breadcrumb"},"inLanguage":"en-GB","potentialAction":[{"@type":"ReadAction","target":["https:\/\/celias.hr\/home\/about\/"]}]},{"@type":"ImageObject","inLanguage":"en-GB","@id":"https:\/\/celias.hr\/home\/about\/#primaryimage","url":"https:\/\/celias.hr\/wp-content\/uploads\/2024\/03\/8f4efb91-da70-4ef8-a556-4f20bc8530fb.jpg","contentUrl":"https:\/\/celias.hr\/wp-content\/uploads\/2024\/03\/8f4efb91-da70-4ef8-a556-4f20bc8530fb.jpg"},{"@type":"BreadcrumbList","@id":"https:\/\/celias.hr\/home\/about\/#breadcrumb","itemListElement":[{"@type":"ListItem","position":1,"name":"Home","item":"https:\/\/celias.hr\/"},{"@type":"ListItem","position":2,"name":"Po\u010detna","item":"https:\/\/celias.hr\/"},{"@type":"ListItem","position":3,"name":"O nama"}]},{"@type":"WebSite","@id":"https:\/\/celias.hr\/#website","url":"https:\/\/celias.hr\/","name":"Celias","description":"Proizvodnja i transport sje\u010dke","publisher":{"@id":"https:\/\/celias.hr\/#organization"},"potentialAction":[{"@type":"SearchAction","target":{"@type":"EntryPoint","urlTemplate":"https:\/\/celias.hr\/?s={search_term_string}"},"query-input":{"@type":"PropertyValueSpecification","valueRequired":true,"valueName":"search_term_string"}}],"inLanguage":"en-GB"},{"@type":"Organization","@id":"https:\/\/celias.hr\/#organization","name":"Celias","url":"https:\/\/celias.hr\/","logo":{"@type":"ImageObject","inLanguage":"en-GB","@id":"https:\/\/celias.hr\/#\/schema\/logo\/image\/","url":"https:\/\/celias.hr\/wp-content\/uploads\/2022\/08\/celiasLogo.jpg","contentUrl":"https:\/\/celias.hr\/wp-content\/uploads\/2022\/08\/celiasLogo.jpg","width":500,"height":200,"caption":"Celias"},"image":{"@id":"https:\/\/celias.hr\/#\/schema\/logo\/image\/"}}]}},"_links":{"self":[{"href":"https:\/\/celias.hr\/en\/wp-json\/wp\/v2\/pages\/2095","targetHints":{"allow":["GET"]}}],"collection":[{"href":"https:\/\/celias.hr\/en\/wp-json\/wp\/v2\/pages"}],"about":[{"href":"https:\/\/celias.hr\/en\/wp-json\/wp\/v2\/types\/page"}],"author":[{"embeddable":true,"href":"https:\/\/celias.hr\/en\/wp-json\/wp\/v2\/users\/1"}],"replies":[{"embeddable":true,"href":"https:\/\/celias.hr\/en\/wp-json\/wp\/v2\/comments?post=2095"}],"version-history":[{"count":21,"href":"https:\/\/celias.hr\/en\/wp-json\/wp\/v2\/pages\/2095\/revisions"}],"predecessor-version":[{"id":2645,"href":"https:\/\/celias.hr\/en\/wp-json\/wp\/v2\/pages\/2095\/revisions\/2645"}],"up":[{"embeddable":true,"href":"https:\/\/celias.hr\/en\/wp-json\/wp\/v2\/pages\/1895"}],"wp:attachment":[{"href":"https:\/\/celias.hr\/en\/wp-json\/wp\/v2\/media?parent=2095"}],"curies":[{"name":"wp","href":"https:\/\/api.w.org\/{rel}","templated":true}]}}