{"id":1895,"date":"2017-07-11T08:54:31","date_gmt":"2017-07-11T08:54:31","guid":{"rendered":"https:\/\/celias.hr\/?page_id=1895"},"modified":"2025-10-24T08:49:09","modified_gmt":"2025-10-24T08:49:09","slug":"home","status":"publish","type":"page","link":"https:\/\/celias.hr\/en\/","title":{"rendered":"Home"},"content":{"rendered":"<div data-elementor-type=\"wp-post\" data-elementor-id=\"1895\" class=\"elementor elementor-1895\">\n\t\t\t\t\t\t<nav class=\"elementor-section elementor-top-section elementor-element elementor-element-7c257d3e elementor-section-boxed elementor-section-height-default elementor-section-height-default\" data-id=\"7c257d3e\" data-element_type=\"section\" data-e-type=\"section\" data-settings=\"{&quot;background_background&quot;:&quot;classic&quot;}\">\n\t\t\t\t\t\t\t<div class=\"elementor-background-overlay\"><\/div>\n\t\t\t\t\t\t\t<div class=\"elementor-container elementor-column-gap-default\">\n\t\t\t\t\t<div class=\"elementor-column elementor-col-100 elementor-top-column elementor-element elementor-element-875519e\" data-id=\"875519e\" data-element_type=\"column\" data-e-type=\"column\">\n\t\t\t<div class=\"elementor-widget-wrap\">\n\t\t\t\t\t\t\t<\/div>\n\t\t<\/div>\n\t\t\t\t\t<\/div>\n\t\t<\/nav>\n\t\t\t\t<section class=\"elementor-section elementor-top-section elementor-element elementor-element-6fb8f397 elementor-section-content-middle elementor-section-boxed elementor-section-height-default elementor-section-height-default\" data-id=\"6fb8f397\" data-element_type=\"section\" data-e-type=\"section\" data-settings=\"{&quot;background_background&quot;:&quot;gradient&quot;}\">\n\t\t\t\t\t\t<div class=\"elementor-container elementor-column-gap-no\">\n\t\t\t\t\t<div class=\"elementor-column elementor-col-50 elementor-top-column elementor-element elementor-element-159c63fb\" data-id=\"159c63fb\" data-element_type=\"column\" data-e-type=\"column\">\n\t\t\t<div class=\"elementor-widget-wrap elementor-element-populated\">\n\t\t\t\t\t\t<div class=\"elementor-element elementor-element-180587c elementor-widget-divider--view-line elementor-widget elementor-widget-divider\" data-id=\"180587c\" data-element_type=\"widget\" data-e-type=\"widget\" data-widget_type=\"divider.default\">\n\t\t\t\t<div class=\"elementor-widget-container\">\n\t\t\t\t\t\t\t<div class=\"elementor-divider\">\n\t\t\t<span class=\"elementor-divider-separator\">\n\t\t\t\t\t\t<\/span>\n\t\t<\/div>\n\t\t\t\t\t\t<\/div>\n\t\t\t\t<\/div>\n\t\t\t\t<div class=\"elementor-element elementor-element-e9af2fd elementor-widget elementor-widget-text-editor\" data-id=\"e9af2fd\" data-element_type=\"widget\" data-e-type=\"widget\" data-widget_type=\"text-editor.default\">\n\t\t\t\t<div class=\"elementor-widget-container\">\n\t\t\t\t\t\t\t\t\t<p class=\"translation-block\">The core activity of the company Celias d.o.o. is the production of biomass and wood chips.<\/p><p>Over the past 8 years, we have gradually developed and upgraded, achieving the results that describe us today.<\/p><p class=\"translation-block\">We hold the SURE certificate, which demonstrates our sustainable biomass production from overgrown agricultural land.<\/p>\t\t\t\t\t\t\t\t<\/div>\n\t\t\t\t<\/div>\n\t\t\t\t<div class=\"elementor-element elementor-element-4028df50 elementor-widget-divider--view-line elementor-widget elementor-widget-divider\" data-id=\"4028df50\" data-element_type=\"widget\" data-e-type=\"widget\" data-widget_type=\"divider.default\">\n\t\t\t\t<div class=\"elementor-widget-container\">\n\t\t\t\t\t\t\t<div class=\"elementor-divider\">\n\t\t\t<span class=\"elementor-divider-separator\">\n\t\t\t\t\t\t<\/span>\n\t\t<\/div>\n\t\t\t\t\t\t<\/div>\n\t\t\t\t<\/div>\n\t\t\t\t<div class=\"elementor-element elementor-element-def6941 elementor-widget elementor-widget-text-editor\" data-id=\"def6941\" data-element_type=\"widget\" data-e-type=\"widget\" data-widget_type=\"text-editor.default\">\n\t\t\t\t<div class=\"elementor-widget-container\">\n\t\t\t\t\t\t\t\t\t<p><a href=\"https:\/\/sure-system.org\/en\/certification.html\"><img decoding=\"async\" class=\"alignnone wp-image-2674\" src=\"https:\/\/celias.hr\/wp-content\/uploads\/2024\/03\/sureLogo2-300x190.png\" alt=\"sure certificate\" width=\"200\" height=\"127\" srcset=\"https:\/\/celias.hr\/wp-content\/uploads\/2024\/03\/sureLogo2-300x190.png 300w, https:\/\/celias.hr\/wp-content\/uploads\/2024\/03\/sureLogo2-768x487.png 768w, https:\/\/celias.hr\/wp-content\/uploads\/2024\/03\/sureLogo2-18x12.png 18w, https:\/\/celias.hr\/wp-content\/uploads\/2024\/03\/sureLogo2.png 940w\" sizes=\"(max-width: 200px) 100vw, 200px\" \/><\/a><\/p>\t\t\t\t\t\t\t\t<\/div>\n\t\t\t\t<\/div>\n\t\t\t\t\t<\/div>\n\t\t<\/div>\n\t\t\t\t<div class=\"elementor-column elementor-col-50 elementor-top-column elementor-element elementor-element-8416575\" data-id=\"8416575\" data-element_type=\"column\" data-e-type=\"column\">\n\t\t\t<div class=\"elementor-widget-wrap elementor-element-populated\">\n\t\t\t\t\t\t<div class=\"elementor-element elementor-element-3d56508 elementor-widget elementor-widget-image\" data-id=\"3d56508\" data-element_type=\"widget\" data-e-type=\"widget\" data-widget_type=\"image.default\">\n\t\t\t\t<div class=\"elementor-widget-container\">\n\t\t\t\t\t\t\t\t\t\t\t\t\t\t\t<img decoding=\"async\" src=\"https:\/\/celias.hr\/wp-content\/uploads\/elementor\/thumbs\/celias-05-min-qlia88nfkxtzgyfdl1q30cgqrq7fvu5rzksml7yf4w.jpg\" title=\"celias-05-min\" alt=\"drvna sje\u010dka proizvedena iz biomase\" loading=\"lazy\" \/>\t\t\t\t\t\t\t\t\t\t\t\t\t\t\t<\/div>\n\t\t\t\t<\/div>\n\t\t\t\t\t<\/div>\n\t\t<\/div>\n\t\t\t\t\t<\/div>\n\t\t<\/section>\n\t\t\t\t<section class=\"elementor-section elementor-top-section elementor-element elementor-element-db5c5c6 elementor-section-boxed elementor-section-height-default elementor-section-height-default\" data-id=\"db5c5c6\" data-element_type=\"section\" data-e-type=\"section\">\n\t\t\t\t\t\t<div class=\"elementor-container elementor-column-gap-default\">\n\t\t\t\t\t<div class=\"elementor-column elementor-col-100 elementor-top-column elementor-element elementor-element-fb1e139\" data-id=\"fb1e139\" data-element_type=\"column\" data-e-type=\"column\">\n\t\t\t<div class=\"elementor-widget-wrap elementor-element-populated\">\n\t\t\t\t\t\t<section class=\"elementor-section elementor-inner-section elementor-element elementor-element-e49356d elementor-section-boxed elementor-section-height-default elementor-section-height-default\" data-id=\"e49356d\" data-element_type=\"section\" data-e-type=\"section\">\n\t\t\t\t\t\t<div class=\"elementor-container elementor-column-gap-default\">\n\t\t\t\t\t<div class=\"elementor-column elementor-col-50 elementor-inner-column elementor-element elementor-element-3a30c67\" data-id=\"3a30c67\" data-element_type=\"column\" data-e-type=\"column\">\n\t\t\t<div class=\"elementor-widget-wrap elementor-element-populated\">\n\t\t\t\t\t\t<div class=\"elementor-element elementor-element-dab0abe elementor-position-top elementor-widget elementor-widget-image-box\" data-id=\"dab0abe\" data-element_type=\"widget\" data-e-type=\"widget\" data-widget_type=\"image-box.default\">\n\t\t\t\t<div class=\"elementor-widget-container\">\n\t\t\t\t\t<div class=\"elementor-image-box-wrapper\"><figure class=\"elementor-image-box-img\"><img fetchpriority=\"high\" decoding=\"async\" width=\"700\" height=\"603\" src=\"https:\/\/celias.hr\/wp-content\/uploads\/2022\/09\/noun-wood-pile-2195333-e1662619727878.png\" class=\"elementor-animation-grow attachment-full size-full wp-image-2084\" alt=\"wood logs\" srcset=\"https:\/\/celias.hr\/wp-content\/uploads\/2022\/09\/noun-wood-pile-2195333-e1662619727878.png 700w, https:\/\/celias.hr\/wp-content\/uploads\/2022\/09\/noun-wood-pile-2195333-e1662619727878-300x258.png 300w\" sizes=\"(max-width: 700px) 100vw, 700px\" \/><\/figure><div class=\"elementor-image-box-content\"><h3 class=\"elementor-image-box-title\">Manufacturing<\/h3><p class=\"elementor-image-box-description\">The manufacturing process is made of multiple phases. It all starts with inspecting the wanted area for deforestation. Upon inspecting the area, an estimated time of work is given.\u00a0<\/p><\/div><\/div>\t\t\t\t<\/div>\n\t\t\t\t<\/div>\n\t\t\t\t\t<\/div>\n\t\t<\/div>\n\t\t\t\t<div class=\"elementor-column elementor-col-50 elementor-inner-column elementor-element elementor-element-e2e3cf7\" data-id=\"e2e3cf7\" data-element_type=\"column\" data-e-type=\"column\">\n\t\t\t<div class=\"elementor-widget-wrap elementor-element-populated\">\n\t\t\t\t\t\t<div class=\"elementor-element elementor-element-d4db5ac elementor-position-top elementor-widget elementor-widget-image-box\" data-id=\"d4db5ac\" data-element_type=\"widget\" data-e-type=\"widget\" data-widget_type=\"image-box.default\">\n\t\t\t\t<div class=\"elementor-widget-container\">\n\t\t\t\t\t<div class=\"elementor-image-box-wrapper\"><figure class=\"elementor-image-box-img\"><img decoding=\"async\" width=\"700\" height=\"600\" src=\"https:\/\/celias.hr\/wp-content\/uploads\/2022\/09\/noun-buncher-3462602-e1662619704903.png\" class=\"elementor-animation-grow attachment-full size-full wp-image-2083\" alt=\"harvester\" srcset=\"https:\/\/celias.hr\/wp-content\/uploads\/2022\/09\/noun-buncher-3462602-e1662619704903.png 700w, https:\/\/celias.hr\/wp-content\/uploads\/2022\/09\/noun-buncher-3462602-e1662619704903-300x257.png 300w\" sizes=\"(max-width: 700px) 100vw, 700px\" \/><\/figure><div class=\"elementor-image-box-content\"><h3 class=\"elementor-image-box-title\">Deforestation<\/h3><p class=\"elementor-image-box-description\">Usluga mehani\u010dkog \u010di\u0161\u0107enja odnosno kr\u010denja zaraslih povr\u0161ina. Drve\u0107e i raslinje se sijeku i \u010diste odnosno biomase se priprema za izvla\u010denje na lagere.<\/p><\/div><\/div>\t\t\t\t<\/div>\n\t\t\t\t<\/div>\n\t\t\t\t\t<\/div>\n\t\t<\/div>\n\t\t\t\t\t<\/div>\n\t\t<\/section>\n\t\t\t\t<section class=\"elementor-section elementor-inner-section elementor-element elementor-element-9d1a5ec elementor-section-boxed elementor-section-height-default elementor-section-height-default\" data-id=\"9d1a5ec\" data-element_type=\"section\" data-e-type=\"section\">\n\t\t\t\t\t\t<div class=\"elementor-container elementor-column-gap-default\">\n\t\t\t\t\t<div class=\"elementor-column elementor-col-50 elementor-inner-column elementor-element elementor-element-ac8a19d\" data-id=\"ac8a19d\" data-element_type=\"column\" data-e-type=\"column\">\n\t\t\t<div class=\"elementor-widget-wrap elementor-element-populated\">\n\t\t\t\t\t\t<div class=\"elementor-element elementor-element-f2df664 elementor-position-top elementor-widget elementor-widget-image-box\" data-id=\"f2df664\" data-element_type=\"widget\" data-e-type=\"widget\" data-widget_type=\"image-box.default\">\n\t\t\t\t<div class=\"elementor-widget-container\">\n\t\t\t\t\t<div class=\"elementor-image-box-wrapper\"><figure class=\"elementor-image-box-img\"><img loading=\"lazy\" decoding=\"async\" width=\"1200\" height=\"1200\" src=\"https:\/\/celias.hr\/wp-content\/uploads\/2022\/09\/noun-wood-chipper-2689.png\" class=\"elementor-animation-grow attachment-full size-full wp-image-2082\" alt=\"wood chiper\" srcset=\"https:\/\/celias.hr\/wp-content\/uploads\/2022\/09\/noun-wood-chipper-2689.png 1200w, https:\/\/celias.hr\/wp-content\/uploads\/2022\/09\/noun-wood-chipper-2689-300x300.png 300w, https:\/\/celias.hr\/wp-content\/uploads\/2022\/09\/noun-wood-chipper-2689-1024x1024.png 1024w, https:\/\/celias.hr\/wp-content\/uploads\/2022\/09\/noun-wood-chipper-2689-150x150.png 150w, https:\/\/celias.hr\/wp-content\/uploads\/2022\/09\/noun-wood-chipper-2689-768x768.png 768w\" sizes=\"(max-width: 1200px) 100vw, 1200px\" \/><\/figure><div class=\"elementor-image-box-content\"><h3 class=\"elementor-image-box-title\">Chipping Process<\/h3><p class=\"elementor-image-box-description\">Prepared wooden mass is then chipped with specially designed machinery which enables us to directly chip all the mass into trailers designed for bulk cargo.<\/p><\/div><\/div>\t\t\t\t<\/div>\n\t\t\t\t<\/div>\n\t\t\t\t\t<\/div>\n\t\t<\/div>\n\t\t\t\t<div class=\"elementor-column elementor-col-50 elementor-inner-column elementor-element elementor-element-2565f36\" data-id=\"2565f36\" data-element_type=\"column\" data-e-type=\"column\">\n\t\t\t<div class=\"elementor-widget-wrap elementor-element-populated\">\n\t\t\t\t\t\t<div class=\"elementor-element elementor-element-521ae47 elementor-position-top elementor-widget elementor-widget-image-box\" data-id=\"521ae47\" data-element_type=\"widget\" data-e-type=\"widget\" data-widget_type=\"image-box.default\">\n\t\t\t\t<div class=\"elementor-widget-container\">\n\t\t\t\t\t<div class=\"elementor-image-box-wrapper\"><figure class=\"elementor-image-box-img\"><img loading=\"lazy\" decoding=\"async\" width=\"700\" height=\"465\" src=\"https:\/\/celias.hr\/wp-content\/uploads\/2022\/09\/noun-delivery-truck-2068074-e1662620145666.png\" class=\"elementor-animation-grow attachment-full size-full wp-image-2085\" alt=\"truck\" srcset=\"https:\/\/celias.hr\/wp-content\/uploads\/2022\/09\/noun-delivery-truck-2068074-e1662620145666.png 700w, https:\/\/celias.hr\/wp-content\/uploads\/2022\/09\/noun-delivery-truck-2068074-e1662620145666-300x199.png 300w\" sizes=\"(max-width: 700px) 100vw, 700px\" \/><\/figure><div class=\"elementor-image-box-content\"><h3 class=\"elementor-image-box-title\">Transportation<\/h3><p class=\"elementor-image-box-description\">Manufactured wood chips are transported by trucks to our end users. In our case, they are co-energy plants that produce electric energy or heating plant that heat the populated areas.<\/p><\/div><\/div>\t\t\t\t<\/div>\n\t\t\t\t<\/div>\n\t\t\t\t\t<\/div>\n\t\t<\/div>\n\t\t\t\t\t<\/div>\n\t\t<\/section>\n\t\t\t\t\t<\/div>\n\t\t<\/div>\n\t\t\t\t\t<\/div>\n\t\t<\/section>\n\t\t\t\t<\/div>","protected":false},"excerpt":{"rendered":"<p>Osnovna djelatnost tvrtke Celias d.o.o. je proizvodnja biomase i drvene sje\u010dke. Tijekom proteklih 6 godina postupno smo se razvijali i nadogra\u0111ivali te time postigli rezultate koji nas danas opisuju. Posjedujemo SURE certifikat kojim dokazujemo odr\u017eivu proizvodnju biomase sa zaraslih poljoprivrednih povr\u0161ina. Proizvodnja Proces proizvodnje se odvija u nekoliko faza. Zapo\u010dinje sa dogovorom oko terena koji [&hellip;]<\/p>\n","protected":false},"author":1,"featured_media":0,"parent":0,"menu_order":0,"comment_status":"closed","ping_status":"closed","template":"","meta":{"_monsterinsights_skip_tracking":false,"_monsterinsights_sitenote_active":false,"_monsterinsights_sitenote_note":"","_monsterinsights_sitenote_category":0,"site-sidebar-layout":"no-sidebar","site-content-layout":"page-builder","ast-site-content-layout":"","site-content-style":"default","site-sidebar-style":"default","ast-global-header-display":"","ast-banner-title-visibility":"","ast-main-header-display":"","ast-hfb-above-header-display":"","ast-hfb-below-header-display":"","ast-hfb-mobile-header-display":"disabled","site-post-title":"disabled","ast-breadcrumbs-content":"","ast-featured-img":"disabled","footer-sml-layout":"","theme-transparent-header-meta":"enabled","adv-header-id-meta":"","stick-header-meta":"","header-above-stick-meta":"","header-main-stick-meta":"","header-below-stick-meta":"","astra-migrate-meta-layouts":"default","ast-page-background-enabled":"default","ast-page-background-meta":{"desktop":{"background-color":"var(--ast-global-color-4)","background-image":"","background-repeat":"repeat","background-position":"center center","background-size":"auto","background-attachment":"scroll","background-type":"","background-media":"","overlay-type":"","overlay-color":"","overlay-gradient":""},"tablet":{"background-color":"","background-image":"","background-repeat":"repeat","background-position":"center center","background-size":"auto","background-attachment":"scroll","background-type":"","background-media":"","overlay-type":"","overlay-color":"","overlay-gradient":""},"mobile":{"background-color":"","background-image":"","background-repeat":"repeat","background-position":"center center","background-size":"auto","background-attachment":"scroll","background-type":"","background-media":"","overlay-type":"","overlay-color":"","overlay-gradient":""}},"ast-content-background-meta":{"desktop":{"background-color":"var(--ast-global-color-5)","background-image":"","background-repeat":"repeat","background-position":"center center","background-size":"auto","background-attachment":"scroll","background-type":"","background-media":"","overlay-type":"","overlay-color":"","overlay-gradient":""},"tablet":{"background-color":"var(--ast-global-color-5)","background-image":"","background-repeat":"repeat","background-position":"center center","background-size":"auto","background-attachment":"scroll","background-type":"","background-media":"","overlay-type":"","overlay-color":"","overlay-gradient":""},"mobile":{"background-color":"var(--ast-global-color-5)","background-image":"","background-repeat":"repeat","background-position":"center center","background-size":"auto","background-attachment":"scroll","background-type":"","background-media":"","overlay-type":"","overlay-color":"","overlay-gradient":""}},"footnotes":""},"class_list":["post-1895","page","type-page","status-publish","hentry"],"yoast_head":"<!-- This site is optimized with the Yoast SEO plugin v27.4 - https:\/\/yoast.com\/product\/yoast-seo-wordpress\/ -->\n<title>Celias - Proizvodnja i transport sje\u010dke<\/title>\n<meta name=\"description\" content=\"Celias d.o.o. - transport i proizvodnja drvene sje\u010dke te drvene biomase. Usluge kr\u010denja \u0161uma i otkup drvene mase.\" \/>\n<meta name=\"robots\" content=\"index, follow, max-snippet:-1, max-image-preview:large, max-video-preview:-1\" \/>\n<link rel=\"canonical\" href=\"https:\/\/celias.hr\/en\/\" \/>\n<meta property=\"og:locale\" content=\"en_GB\" \/>\n<meta property=\"og:type\" content=\"article\" \/>\n<meta property=\"og:title\" content=\"Celias - Proizvodnja i transport sje\u010dke\" \/>\n<meta property=\"og:description\" content=\"Celias d.o.o. - transport i proizvodnja drvene sje\u010dke te drvene biomase. Usluge kr\u010denja \u0161uma i otkup drvene mase.\" \/>\n<meta property=\"og:url\" content=\"https:\/\/celias.hr\/en\/\" \/>\n<meta property=\"og:site_name\" content=\"Celias\" \/>\n<meta property=\"article:modified_time\" content=\"2025-10-24T08:49:09+00:00\" \/>\n<meta property=\"og:image\" content=\"https:\/\/celias.hr\/wp-content\/uploads\/2024\/03\/sureLogo2.png\" \/>\n\t<meta property=\"og:image:width\" content=\"940\" \/>\n\t<meta property=\"og:image:height\" content=\"596\" \/>\n\t<meta property=\"og:image:type\" content=\"image\/png\" \/>\n<meta name=\"twitter:card\" content=\"summary_large_image\" \/>\n<meta name=\"twitter:label1\" content=\"Estimated reading time\" \/>\n\t<meta name=\"twitter:data1\" content=\"2 minutes\" \/>\n<script type=\"application\/ld+json\" class=\"yoast-schema-graph\">{\"@context\":\"https:\\\/\\\/schema.org\",\"@graph\":[{\"@type\":\"WebPage\",\"@id\":\"https:\\\/\\\/celias.hr\\\/\",\"url\":\"https:\\\/\\\/celias.hr\\\/\",\"name\":\"Celias - Proizvodnja i transport sje\u010dke\",\"isPartOf\":{\"@id\":\"https:\\\/\\\/celias.hr\\\/#website\"},\"primaryImageOfPage\":{\"@id\":\"https:\\\/\\\/celias.hr\\\/#primaryimage\"},\"image\":{\"@id\":\"https:\\\/\\\/celias.hr\\\/#primaryimage\"},\"thumbnailUrl\":\"https:\\\/\\\/celias.hr\\\/wp-content\\\/uploads\\\/2024\\\/03\\\/sureLogo2-300x190.png\",\"datePublished\":\"2017-07-11T08:54:31+00:00\",\"dateModified\":\"2025-10-24T08:49:09+00:00\",\"description\":\"Celias d.o.o. - transport i proizvodnja drvene sje\u010dke te drvene biomase. Usluge kr\u010denja \u0161uma i otkup drvene mase.\",\"breadcrumb\":{\"@id\":\"https:\\\/\\\/celias.hr\\\/#breadcrumb\"},\"inLanguage\":\"en-GB\",\"potentialAction\":[{\"@type\":\"ReadAction\",\"target\":[\"https:\\\/\\\/celias.hr\\\/\"]}]},{\"@type\":\"ImageObject\",\"inLanguage\":\"en-GB\",\"@id\":\"https:\\\/\\\/celias.hr\\\/#primaryimage\",\"url\":\"https:\\\/\\\/celias.hr\\\/wp-content\\\/uploads\\\/2024\\\/03\\\/sureLogo2-300x190.png\",\"contentUrl\":\"https:\\\/\\\/celias.hr\\\/wp-content\\\/uploads\\\/2024\\\/03\\\/sureLogo2-300x190.png\"},{\"@type\":\"BreadcrumbList\",\"@id\":\"https:\\\/\\\/celias.hr\\\/#breadcrumb\",\"itemListElement\":[{\"@type\":\"ListItem\",\"position\":1,\"name\":\"Home\",\"item\":\"https:\\\/\\\/celias.hr\\\/\"},{\"@type\":\"ListItem\",\"position\":2,\"name\":\"Po\u010detna\"}]},{\"@type\":\"WebSite\",\"@id\":\"https:\\\/\\\/celias.hr\\\/#website\",\"url\":\"https:\\\/\\\/celias.hr\\\/\",\"name\":\"Celias\",\"description\":\"Proizvodnja i transport sje\u010dke\",\"publisher\":{\"@id\":\"https:\\\/\\\/celias.hr\\\/#organization\"},\"potentialAction\":[{\"@type\":\"SearchAction\",\"target\":{\"@type\":\"EntryPoint\",\"urlTemplate\":\"https:\\\/\\\/celias.hr\\\/?s={search_term_string}\"},\"query-input\":{\"@type\":\"PropertyValueSpecification\",\"valueRequired\":true,\"valueName\":\"search_term_string\"}}],\"inLanguage\":\"en-GB\"},{\"@type\":\"Organization\",\"@id\":\"https:\\\/\\\/celias.hr\\\/#organization\",\"name\":\"Celias\",\"url\":\"https:\\\/\\\/celias.hr\\\/\",\"logo\":{\"@type\":\"ImageObject\",\"inLanguage\":\"en-GB\",\"@id\":\"https:\\\/\\\/celias.hr\\\/#\\\/schema\\\/logo\\\/image\\\/\",\"url\":\"https:\\\/\\\/celias.hr\\\/wp-content\\\/uploads\\\/2022\\\/08\\\/celiasLogo.jpg\",\"contentUrl\":\"https:\\\/\\\/celias.hr\\\/wp-content\\\/uploads\\\/2022\\\/08\\\/celiasLogo.jpg\",\"width\":500,\"height\":200,\"caption\":\"Celias\"},\"image\":{\"@id\":\"https:\\\/\\\/celias.hr\\\/#\\\/schema\\\/logo\\\/image\\\/\"}}]}<\/script>\n<!-- \/ Yoast SEO plugin. -->","yoast_head_json":{"title":"Celias - Proizvodnja i transport sje\u010dke","description":"Celias d.o.o. - transport i proizvodnja drvene sje\u010dke te drvene biomase. Usluge kr\u010denja \u0161uma i otkup drvene mase.","robots":{"index":"index","follow":"follow","max-snippet":"max-snippet:-1","max-image-preview":"max-image-preview:large","max-video-preview":"max-video-preview:-1"},"canonical":"https:\/\/celias.hr\/en\/","og_locale":"en_GB","og_type":"article","og_title":"Celias - Proizvodnja i transport sje\u010dke","og_description":"Celias d.o.o. - transport i proizvodnja drvene sje\u010dke te drvene biomase. Usluge kr\u010denja \u0161uma i otkup drvene mase.","og_url":"https:\/\/celias.hr\/en\/","og_site_name":"Celias","article_modified_time":"2025-10-24T08:49:09+00:00","og_image":[{"width":940,"height":596,"url":"https:\/\/celias.hr\/wp-content\/uploads\/2024\/03\/sureLogo2.png","type":"image\/png"}],"twitter_card":"summary_large_image","twitter_misc":{"Estimated reading time":"2 minutes"},"schema":{"@context":"https:\/\/schema.org","@graph":[{"@type":"WebPage","@id":"https:\/\/celias.hr\/","url":"https:\/\/celias.hr\/","name":"Celias - Proizvodnja i transport sje\u010dke","isPartOf":{"@id":"https:\/\/celias.hr\/#website"},"primaryImageOfPage":{"@id":"https:\/\/celias.hr\/#primaryimage"},"image":{"@id":"https:\/\/celias.hr\/#primaryimage"},"thumbnailUrl":"https:\/\/celias.hr\/wp-content\/uploads\/2024\/03\/sureLogo2-300x190.png","datePublished":"2017-07-11T08:54:31+00:00","dateModified":"2025-10-24T08:49:09+00:00","description":"Celias d.o.o. - transport i proizvodnja drvene sje\u010dke te drvene biomase. Usluge kr\u010denja \u0161uma i otkup drvene mase.","breadcrumb":{"@id":"https:\/\/celias.hr\/#breadcrumb"},"inLanguage":"en-GB","potentialAction":[{"@type":"ReadAction","target":["https:\/\/celias.hr\/"]}]},{"@type":"ImageObject","inLanguage":"en-GB","@id":"https:\/\/celias.hr\/#primaryimage","url":"https:\/\/celias.hr\/wp-content\/uploads\/2024\/03\/sureLogo2-300x190.png","contentUrl":"https:\/\/celias.hr\/wp-content\/uploads\/2024\/03\/sureLogo2-300x190.png"},{"@type":"BreadcrumbList","@id":"https:\/\/celias.hr\/#breadcrumb","itemListElement":[{"@type":"ListItem","position":1,"name":"Home","item":"https:\/\/celias.hr\/"},{"@type":"ListItem","position":2,"name":"Po\u010detna"}]},{"@type":"WebSite","@id":"https:\/\/celias.hr\/#website","url":"https:\/\/celias.hr\/","name":"Celias","description":"Proizvodnja i transport sje\u010dke","publisher":{"@id":"https:\/\/celias.hr\/#organization"},"potentialAction":[{"@type":"SearchAction","target":{"@type":"EntryPoint","urlTemplate":"https:\/\/celias.hr\/?s={search_term_string}"},"query-input":{"@type":"PropertyValueSpecification","valueRequired":true,"valueName":"search_term_string"}}],"inLanguage":"en-GB"},{"@type":"Organization","@id":"https:\/\/celias.hr\/#organization","name":"Celias","url":"https:\/\/celias.hr\/","logo":{"@type":"ImageObject","inLanguage":"en-GB","@id":"https:\/\/celias.hr\/#\/schema\/logo\/image\/","url":"https:\/\/celias.hr\/wp-content\/uploads\/2022\/08\/celiasLogo.jpg","contentUrl":"https:\/\/celias.hr\/wp-content\/uploads\/2022\/08\/celiasLogo.jpg","width":500,"height":200,"caption":"Celias"},"image":{"@id":"https:\/\/celias.hr\/#\/schema\/logo\/image\/"}}]}},"_links":{"self":[{"href":"https:\/\/celias.hr\/en\/wp-json\/wp\/v2\/pages\/1895","targetHints":{"allow":["GET"]}}],"collection":[{"href":"https:\/\/celias.hr\/en\/wp-json\/wp\/v2\/pages"}],"about":[{"href":"https:\/\/celias.hr\/en\/wp-json\/wp\/v2\/types\/page"}],"author":[{"embeddable":true,"href":"https:\/\/celias.hr\/en\/wp-json\/wp\/v2\/users\/1"}],"replies":[{"embeddable":true,"href":"https:\/\/celias.hr\/en\/wp-json\/wp\/v2\/comments?post=1895"}],"version-history":[{"count":60,"href":"https:\/\/celias.hr\/en\/wp-json\/wp\/v2\/pages\/1895\/revisions"}],"predecessor-version":[{"id":2751,"href":"https:\/\/celias.hr\/en\/wp-json\/wp\/v2\/pages\/1895\/revisions\/2751"}],"wp:attachment":[{"href":"https:\/\/celias.hr\/en\/wp-json\/wp\/v2\/media?parent=1895"}],"curies":[{"name":"wp","href":"https:\/\/api.w.org\/{rel}","templated":true}]}}